{"id":1611,"date":"2023-06-08T19:15:40","date_gmt":"2023-06-08T23:15:40","guid":{"rendered":"https:\/\/www.jsitelecom.com\/4sight-en-accion-antiterrorismo-y-extremismo\/"},"modified":"2023-06-08T19:15:40","modified_gmt":"2023-06-08T19:15:40","slug":"4sight-en-accion-antiterrorismo-y-extremismo","status":"publish","type":"page","link":"https:\/\/www.jsitelecom.com\/es\/4sight-en-accion-antiterrorismo-y-extremismo\/","title":{"rendered":"4Sight en acci\u00f3n: Antiterrorismo y extremismo"},"content":{"rendered":"","protected":false},"excerpt":{"rendered":"","protected":false},"author":4,"featured_media":701,"parent":0,"menu_order":0,"comment_status":"closed","ping_status":"closed","template":"","meta":{"_acf_changed":false,"content-type":"","footnotes":""},"class_list":["post-1611","page","type-page","status-publish","has-post-thumbnail","hentry"],"acf":[],"yoast_head":"<!-- This site is optimized with the Yoast SEO plugin v27.2 - https:\/\/yoast.com\/product\/yoast-seo-wordpress\/ -->\n<title>4Sight en acci\u00f3n - JSI<\/title>\n<meta name=\"description\" content=\"Experimente la potencia de nuestra plataforma de fusi\u00f3n de inteligencia en acci\u00f3n. Vea c\u00f3mo 4Sight combina diversos or\u00edgenes para un an\u00e1lisis eficiente en nuestro video demostrativo.\" \/>\n<meta name=\"robots\" content=\"index, follow, max-snippet:-1, max-image-preview:large, max-video-preview:-1\" \/>\n<link rel=\"canonical\" href=\"https:\/\/www.jsitelecom.com\/es\/4sight-en-accion-antiterrorismo-y-extremismo\/\" \/>\n<meta property=\"og:locale\" content=\"es_ES\" \/>\n<meta property=\"og:type\" content=\"article\" \/>\n<meta property=\"og:title\" content=\"4Sight en acci\u00f3n - JSI\" \/>\n<meta property=\"og:description\" content=\"Experimente la potencia de nuestra plataforma de fusi\u00f3n de inteligencia en acci\u00f3n. Vea c\u00f3mo 4Sight combina diversos or\u00edgenes para un an\u00e1lisis eficiente en nuestro video demostrativo.\" \/>\n<meta property=\"og:url\" content=\"https:\/\/www.jsitelecom.com\/es\/4sight-en-accion-antiterrorismo-y-extremismo\/\" \/>\n<meta property=\"og:site_name\" content=\"JSI\" \/>\n<meta property=\"og:image\" content=\"https:\/\/www.jsitelecom.com\/app\/uploads\/2023\/06\/4Sight-In-Action-Counter-Terrorism-Video.jpg\" \/>\n\t<meta property=\"og:image:width\" content=\"1500\" \/>\n\t<meta property=\"og:image:height\" content=\"844\" \/>\n\t<meta property=\"og:image:type\" content=\"image\/jpeg\" \/>\n<meta name=\"twitter:card\" content=\"summary_large_image\" \/>\n<script type=\"application\/ld+json\" class=\"yoast-schema-graph\">{\"@context\":\"https:\/\/schema.org\",\"@graph\":[{\"@type\":\"WebPage\",\"@id\":\"https:\/\/www.jsitelecom.com\/es\/4sight-en-accion-antiterrorismo-y-extremismo\/\",\"url\":\"https:\/\/www.jsitelecom.com\/es\/4sight-en-accion-antiterrorismo-y-extremismo\/\",\"name\":\"4Sight en acci\u00f3n - JSI\",\"isPartOf\":{\"@id\":\"https:\/\/www.jsitelecom.com\/#website\"},\"primaryImageOfPage\":{\"@id\":\"https:\/\/www.jsitelecom.com\/es\/4sight-en-accion-antiterrorismo-y-extremismo\/#primaryimage\"},\"image\":{\"@id\":\"https:\/\/www.jsitelecom.com\/es\/4sight-en-accion-antiterrorismo-y-extremismo\/#primaryimage\"},\"thumbnailUrl\":\"https:\/\/www.jsitelecom.com\/app\/uploads\/2023\/06\/4Sight-In-Action-Counter-Terrorism-Video.jpg\",\"datePublished\":\"2023-06-08T23:15:40+00:00\",\"description\":\"Experimente la potencia de nuestra plataforma de fusi\u00f3n de inteligencia en acci\u00f3n. Vea c\u00f3mo 4Sight combina diversos or\u00edgenes para un an\u00e1lisis eficiente en nuestro video demostrativo.\",\"breadcrumb\":{\"@id\":\"https:\/\/www.jsitelecom.com\/es\/4sight-en-accion-antiterrorismo-y-extremismo\/#breadcrumb\"},\"inLanguage\":\"es-ES\",\"potentialAction\":[{\"@type\":\"ReadAction\",\"target\":[\"https:\/\/www.jsitelecom.com\/es\/4sight-en-accion-antiterrorismo-y-extremismo\/\"]}]},{\"@type\":\"ImageObject\",\"inLanguage\":\"es-ES\",\"@id\":\"https:\/\/www.jsitelecom.com\/es\/4sight-en-accion-antiterrorismo-y-extremismo\/#primaryimage\",\"url\":\"https:\/\/www.jsitelecom.com\/app\/uploads\/2023\/06\/4Sight-In-Action-Counter-Terrorism-Video.jpg\",\"contentUrl\":\"https:\/\/www.jsitelecom.com\/app\/uploads\/2023\/06\/4Sight-In-Action-Counter-Terrorism-Video.jpg\",\"width\":1500,\"height\":844,\"caption\":\"thumbnail image for a video that says 4Sight in Action: Counter-terrorism & Extremism\"},{\"@type\":\"BreadcrumbList\",\"@id\":\"https:\/\/www.jsitelecom.com\/es\/4sight-en-accion-antiterrorismo-y-extremismo\/#breadcrumb\",\"itemListElement\":[{\"@type\":\"ListItem\",\"position\":1,\"name\":\"Home\",\"item\":\"https:\/\/www.jsitelecom.com\/es\/\"},{\"@type\":\"ListItem\",\"position\":2,\"name\":\"4Sight en acci\u00f3n: Antiterrorismo y extremismo\"}]},{\"@type\":\"WebSite\",\"@id\":\"https:\/\/www.jsitelecom.com\/#website\",\"url\":\"https:\/\/www.jsitelecom.com\/\",\"name\":\"JSI\",\"description\":\"Critical Insight When it Matters\",\"potentialAction\":[{\"@type\":\"SearchAction\",\"target\":{\"@type\":\"EntryPoint\",\"urlTemplate\":\"https:\/\/www.jsitelecom.com\/?s={search_term_string}\"},\"query-input\":{\"@type\":\"PropertyValueSpecification\",\"valueRequired\":true,\"valueName\":\"search_term_string\"}}],\"inLanguage\":\"es-ES\"}]}<\/script>\n<!-- \/ Yoast SEO plugin. -->","yoast_head_json":{"title":"4Sight en acci\u00f3n - JSI","description":"Experimente la potencia de nuestra plataforma de fusi\u00f3n de inteligencia en acci\u00f3n. Vea c\u00f3mo 4Sight combina diversos or\u00edgenes para un an\u00e1lisis eficiente en nuestro video demostrativo.","robots":{"index":"index","follow":"follow","max-snippet":"max-snippet:-1","max-image-preview":"max-image-preview:large","max-video-preview":"max-video-preview:-1"},"canonical":"https:\/\/www.jsitelecom.com\/es\/4sight-en-accion-antiterrorismo-y-extremismo\/","og_locale":"es_ES","og_type":"article","og_title":"4Sight en acci\u00f3n - JSI","og_description":"Experimente la potencia de nuestra plataforma de fusi\u00f3n de inteligencia en acci\u00f3n. Vea c\u00f3mo 4Sight combina diversos or\u00edgenes para un an\u00e1lisis eficiente en nuestro video demostrativo.","og_url":"https:\/\/www.jsitelecom.com\/es\/4sight-en-accion-antiterrorismo-y-extremismo\/","og_site_name":"JSI","og_image":[{"width":1500,"height":844,"url":"https:\/\/www.jsitelecom.com\/app\/uploads\/2023\/06\/4Sight-In-Action-Counter-Terrorism-Video.jpg","type":"image\/jpeg"}],"twitter_card":"summary_large_image","schema":{"@context":"https:\/\/schema.org","@graph":[{"@type":"WebPage","@id":"https:\/\/www.jsitelecom.com\/es\/4sight-en-accion-antiterrorismo-y-extremismo\/","url":"https:\/\/www.jsitelecom.com\/es\/4sight-en-accion-antiterrorismo-y-extremismo\/","name":"4Sight en acci\u00f3n - JSI","isPartOf":{"@id":"https:\/\/www.jsitelecom.com\/#website"},"primaryImageOfPage":{"@id":"https:\/\/www.jsitelecom.com\/es\/4sight-en-accion-antiterrorismo-y-extremismo\/#primaryimage"},"image":{"@id":"https:\/\/www.jsitelecom.com\/es\/4sight-en-accion-antiterrorismo-y-extremismo\/#primaryimage"},"thumbnailUrl":"https:\/\/www.jsitelecom.com\/app\/uploads\/2023\/06\/4Sight-In-Action-Counter-Terrorism-Video.jpg","datePublished":"2023-06-08T23:15:40+00:00","description":"Experimente la potencia de nuestra plataforma de fusi\u00f3n de inteligencia en acci\u00f3n. Vea c\u00f3mo 4Sight combina diversos or\u00edgenes para un an\u00e1lisis eficiente en nuestro video demostrativo.","breadcrumb":{"@id":"https:\/\/www.jsitelecom.com\/es\/4sight-en-accion-antiterrorismo-y-extremismo\/#breadcrumb"},"inLanguage":"es-ES","potentialAction":[{"@type":"ReadAction","target":["https:\/\/www.jsitelecom.com\/es\/4sight-en-accion-antiterrorismo-y-extremismo\/"]}]},{"@type":"ImageObject","inLanguage":"es-ES","@id":"https:\/\/www.jsitelecom.com\/es\/4sight-en-accion-antiterrorismo-y-extremismo\/#primaryimage","url":"https:\/\/www.jsitelecom.com\/app\/uploads\/2023\/06\/4Sight-In-Action-Counter-Terrorism-Video.jpg","contentUrl":"https:\/\/www.jsitelecom.com\/app\/uploads\/2023\/06\/4Sight-In-Action-Counter-Terrorism-Video.jpg","width":1500,"height":844,"caption":"thumbnail image for a video that says 4Sight in Action: Counter-terrorism & Extremism"},{"@type":"BreadcrumbList","@id":"https:\/\/www.jsitelecom.com\/es\/4sight-en-accion-antiterrorismo-y-extremismo\/#breadcrumb","itemListElement":[{"@type":"ListItem","position":1,"name":"Home","item":"https:\/\/www.jsitelecom.com\/es\/"},{"@type":"ListItem","position":2,"name":"4Sight en acci\u00f3n: Antiterrorismo y extremismo"}]},{"@type":"WebSite","@id":"https:\/\/www.jsitelecom.com\/#website","url":"https:\/\/www.jsitelecom.com\/","name":"JSI","description":"Critical Insight When it Matters","potentialAction":[{"@type":"SearchAction","target":{"@type":"EntryPoint","urlTemplate":"https:\/\/www.jsitelecom.com\/?s={search_term_string}"},"query-input":{"@type":"PropertyValueSpecification","valueRequired":true,"valueName":"search_term_string"}}],"inLanguage":"es-ES"}]}},"_links":{"self":[{"href":"https:\/\/www.jsitelecom.com\/es\/wp-json\/wp\/v2\/pages\/1611","targetHints":{"allow":["GET"]}}],"collection":[{"href":"https:\/\/www.jsitelecom.com\/es\/wp-json\/wp\/v2\/pages"}],"about":[{"href":"https:\/\/www.jsitelecom.com\/es\/wp-json\/wp\/v2\/types\/page"}],"author":[{"embeddable":true,"href":"https:\/\/www.jsitelecom.com\/es\/wp-json\/wp\/v2\/users\/4"}],"replies":[{"embeddable":true,"href":"https:\/\/www.jsitelecom.com\/es\/wp-json\/wp\/v2\/comments?post=1611"}],"version-history":[{"count":0,"href":"https:\/\/www.jsitelecom.com\/es\/wp-json\/wp\/v2\/pages\/1611\/revisions"}],"wp:featuredmedia":[{"embeddable":true,"href":"https:\/\/www.jsitelecom.com\/es\/wp-json\/wp\/v2\/media\/701"}],"wp:attachment":[{"href":"https:\/\/www.jsitelecom.com\/es\/wp-json\/wp\/v2\/media?parent=1611"}],"curies":[{"name":"wp","href":"https:\/\/api.w.org\/{rel}","templated":true}]}}