{"id":1609,"date":"2023-06-15T17:26:16","date_gmt":"2023-06-15T21:26:16","guid":{"rendered":"https:\/\/www.jsitelecom.com\/declaracion-contra-la-esclavitud-moderna\/"},"modified":"2025-06-24T13:49:59","modified_gmt":"2025-06-24T17:49:59","slug":"declaracion-contra-la-esclavitud-moderna","status":"publish","type":"page","link":"https:\/\/www.jsitelecom.com\/es\/declaracion-contra-la-esclavitud-moderna\/","title":{"rendered":"Declaraci\u00f3n contra la esclavitud moderna"},"content":{"rendered":"<p>De conformidad con la Secci\u00f3n 54 (1) de la Ley de Esclavitud Moderna del Reino Unido (UK) de 2015, Jatom Systems Inc. (JSI) establece que se durante el pasado a\u00f1o fiscal se han seguido los pasos para identificar y minimizar el riesgo de esclavitud y tr\u00e1fico de personas que tuviera lugar en sus cadenas de suministro y cualquier otra parte de la empresa. Esta declaraci\u00f3n aplica a JSI y a todas su subsidiarias para el a\u00f1o fiscal que finaliza el 31 de marzo de 2025.<\/p>\n<p>Nuestras expectativas de conductas responsables, \u00e9ticas y legales se aplican a todas las partes que trabajan en nombre de JSI, incluidos entre otros, sus empleados, socios, contratistas y dem\u00e1s representantes que act\u00faen en nombre de JSI y a sus proveedores y distribuidores. Esta expectativa es el n\u00facleo de la cultura corporativa y todas las pr\u00e1cticas comerciales dado que respaldamos la misi\u00f3n de nuestros clientes, y agencias de orden p\u00fablico e inteligencia en todo el mundo.<\/p>\n<h2>Estructura de la organizaci\u00f3n y cadenas de suministro<\/h2>\n<p>JSI es una sociedad an\u00f3nima canadiense de capital privado, constituida en Ontario y con sede central en Kanata. Cuenta con cuatro subsidiarias enteramente privadas en Australia, Alemania, el Reino Unido y los Estados Unidos. En conjunto con sus subsidiarias, JSI desarrolla, comercializa y brinda soporte de soluciones de recopilaci\u00f3n y an\u00e1lisis de datos para organizaciones de orden p\u00fablico, inteligencia y seguridad de todo el mundo.<\/p>\n<p>Las soluciones de JSI se componen de software patentado, desarrollado en nuestra sede central en Kanata y software y hardware de terceros que nos brindan nuestros proveedores. Adem\u00e1s de sus soluciones, JSI ofrece servicios profesionales, capacitaci\u00f3n y servicio postventa.<br \/>\nPara el aprovisionamiento de su software patentado y los servicios relacionados, JSI emplea a personas con calificaci\u00f3n profesional que son empleados directos de JSI o de alguna de sus subsidiarias. Nuestras pol\u00edticas humanas garantizan el trato justo a nuestra gente en todo el mundo. Nuestros proveedores por lo general son grandes compa\u00f1\u00edas multinacionales con sede central en Am\u00e9rica del Norte. JSI se apoya en las pol\u00edticas de conducta \u00e9tica y esclavitud moderna para garantizar la prohibici\u00f3n y minimizaci\u00f3n del riesgo de esclavitud y tr\u00e1fico de personas en su cadena de suministro.<\/p>\n<h2>Pol\u00edticas relacionadas con esclavitud y tr\u00e1fico de personas<\/h2>\n<p>El prop\u00f3sito de nuestra empresa es brindar apoyo a organizaciones de orden p\u00fablico, inteligencia y seguridad en el logro de sus misiones, para proteger a los miembros m\u00e1s vulnerables de la sociedad contra la actividad delictiva. En materializaci\u00f3n de nuestro prop\u00f3sito, nuestros valores de respeto e integridad son la piedra angular de nuestra cultura. Nuestros valores representan todo lo que hace JSI y delinea nuestras expectativas en la conducta de nuestra gente hacia los colegas, clientes y proveedores.<\/p>\n<p>Procuramos tratar a todos de manera justa y coherente en un entorno abierto y confiable. Nuestras pol\u00edticas en relaci\u00f3n con la Ley de Esclavitud Moderna est\u00e1n alineadas con nuestra cultura y valores. M\u00e1s espec\u00edficamente, para las jurisdicciones en las que operamos:<\/p>\n<ul>\n<li>Seguimos un proceso de reclutamiento robusto, alineado con las leyes de empleo correspondientes<\/li>\n<li>Garantizamos que todos los empleados cumplan con las normas de conducta \u00e9tica e integridad para recibir la autorizaci\u00f3n de seguridad secreta<\/li>\n<li>Cumplimos con pol\u00edticas de empleo que protegen a nuestra gente del trato injusto y promueve un lugar de trabajo justo e inclusivo<\/li>\n<li>Revisaremos anualmente los pagos y otras compensaciones en relaci\u00f3n con el mercado<\/li>\n<li>Proporcionaremos pol\u00edticas e iniciativas para apoyar el bienestar f\u00edsico y mental de nuestros empleados<\/li>\n<\/ul>\n<p>Con respecto a nuestra cadena de suministro de software y hardware de terceros, JSI cuenta con procesos de diligencia debida y revisi\u00f3n de los proveedores claves para garantizar la inexistencia de esclavitud moderna y tr\u00e1fico de personas en todas sus cadenas de suministro.<br \/>\nLa diligencia debida de proveedores, junto con el aseguramiento del propio entendimiento de los componentes y su pa\u00eds de origen relacionado son procesos comerciales cr\u00edticos para garantizar lo siguiente:<\/p>\n<ul>\n<li>El cumplimiento con todas las regulaciones de importaci\u00f3n y exportaci\u00f3n para los pa\u00edses en los que realizamos actividades comerciales<\/li>\n<li>El cumplimiento con todas las normas de aprovisionamiento dada la naturaleza sensible y, por lo general, clasificada de la cartera de clientes<\/li>\n<\/ul>\n<p>Todas las compras se realizan con proveedores debidamente aprobados, en cumplimiento del proceso de autorizaci\u00f3n de compras. JSI no paga en efectivo productos ni servicios.<\/p>\n<h2>Proceso de diligencia debida, evaluaci\u00f3n y gesti\u00f3n de riesgos<\/h2>\n<p>JSI gestiona sus riesgos potenciales actuales a trav\u00e9s de procesos comerciales fundamentales adecuados, incluidos los procesos de compras. Todas las compras deben realizarse a proveedores aprobados y el desempe\u00f1o del proveedor se monitorea peri\u00f3dicamente. JSI no desea estar asociado con ninguna organizaci\u00f3n que haya estado o resulte estar involucrada en tr\u00e1fico de personas o esclavitud moderna. Si JSI tiene conocimiento de la existencia de tr\u00e1fico de personas o esclavitud moderna dentro de la cadena de suministro o proveedores, JSI exige que el proveedor remedie la situaci\u00f3n de manera satisfactoria para JSI, de lo contrario, la relaci\u00f3n comercial se ver\u00eda terminada.<\/p>\n<h2>Indicadores claves de desempe\u00f1o para medir la efectividad de los pasos<\/h2>\n<p>A la fecha, no hemos identificado ninguna instancia de esclavitud moderna en nuestra cadena de suministro y, por lo tanto, puede resultar dif\u00edcil medir la efectividad de nuestras pol\u00edticas en la reducci\u00f3n del riesgo de esclavitud y tr\u00e1fico de personas.<\/p>\n<h2>Capacitaci\u00f3n en esclavitud moderna y tr\u00e1fico de personas<\/h2>\n<p>Las conductas de los empleados que JSI espera son revisadas peri\u00f3dicamente y analizadas con los empleados mediante el proceso de gesti\u00f3n de desempe\u00f1o trimestral. Asimismo, los requerimientos de autorizaci\u00f3n de seguridad de conductas \u00e9ticas son monitoreados peri\u00f3dicamente por nuestro equipo de seguridad interna, as\u00ed como de manera externa por la agencia responsable de la jurisdicci\u00f3n en la que se encuentran los empleados.<\/p>\n<p>JSI se responsabiliza de esta Declaraci\u00f3n y sus objetivos relacionados, y la revisar\u00e1 y actualizar\u00e1 de conformidad con la Ley.<\/p>\n","protected":false},"excerpt":{"rendered":"<p>De conformidad con la Secci\u00f3n 54 (1) de la Ley de Esclavitud Moderna del Reino Unido (UK) de 2015, Jatom Systems Inc. (JSI) establece que se durante el pasado a\u00f1o fiscal se han seguido los pasos para identificar y minimizar el riesgo de esclavitud y tr\u00e1fico de personas que tuviera lugar en sus cadenas de [&hellip;]<\/p>\n","protected":false},"author":6,"featured_media":0,"parent":0,"menu_order":0,"comment_status":"closed","ping_status":"closed","template":"page-legal.php","meta":{"_acf_changed":false,"content-type":"","footnotes":""},"class_list":["post-1609","page","type-page","status-publish","hentry"],"acf":[],"yoast_head":"<!-- This site is optimized with the Yoast SEO plugin v27.2 - https:\/\/yoast.com\/product\/yoast-seo-wordpress\/ -->\n<title>Declaraci\u00f3n contra la esclavitud moderna - JSI<\/title>\n<meta name=\"description\" content=\"\u00danase a nosotros en la lucha contra la esclavitud moderna. Nuestra declaraci\u00f3n detalla el compromiso con las pr\u00e1cticas comerciales \u00e9ticas y los derechos humanos.\" \/>\n<meta name=\"robots\" content=\"index, follow, max-snippet:-1, max-image-preview:large, max-video-preview:-1\" \/>\n<link rel=\"canonical\" href=\"https:\/\/www.jsitelecom.com\/mss\/\" \/>\n<meta property=\"og:locale\" content=\"es_ES\" \/>\n<meta property=\"og:type\" content=\"article\" \/>\n<meta property=\"og:title\" content=\"Declaraci\u00f3n contra la esclavitud moderna - JSI\" \/>\n<meta property=\"og:description\" content=\"\u00danase a nosotros en la lucha contra la esclavitud moderna. Nuestra declaraci\u00f3n detalla el compromiso con las pr\u00e1cticas comerciales \u00e9ticas y los derechos humanos.\" \/>\n<meta property=\"og:url\" content=\"https:\/\/www.jsitelecom.com\/mss\/\" \/>\n<meta property=\"og:site_name\" content=\"JSI\" \/>\n<meta property=\"article:modified_time\" content=\"2025-06-24T17:49:59+00:00\" \/>\n<meta name=\"twitter:card\" content=\"summary_large_image\" \/>\n<meta name=\"twitter:label1\" content=\"Est. reading time\" \/>\n\t<meta name=\"twitter:data1\" content=\"5 minutes\" \/>\n<script type=\"application\/ld+json\" class=\"yoast-schema-graph\">{\"@context\":\"https:\/\/schema.org\",\"@graph\":[{\"@type\":\"WebPage\",\"@id\":\"https:\/\/www.jsitelecom.com\/mss\/\",\"url\":\"https:\/\/www.jsitelecom.com\/mss\/\",\"name\":\"Declaraci\u00f3n contra la esclavitud moderna - JSI\",\"isPartOf\":{\"@id\":\"https:\/\/www.jsitelecom.com\/#website\"},\"datePublished\":\"2023-06-15T21:26:16+00:00\",\"dateModified\":\"2025-06-24T17:49:59+00:00\",\"description\":\"\u00danase a nosotros en la lucha contra la esclavitud moderna. Nuestra declaraci\u00f3n detalla el compromiso con las pr\u00e1cticas comerciales \u00e9ticas y los derechos humanos.\",\"breadcrumb\":{\"@id\":\"https:\/\/www.jsitelecom.com\/mss\/#breadcrumb\"},\"inLanguage\":\"es-ES\",\"potentialAction\":[{\"@type\":\"ReadAction\",\"target\":[\"https:\/\/www.jsitelecom.com\/mss\/\"]}]},{\"@type\":\"BreadcrumbList\",\"@id\":\"https:\/\/www.jsitelecom.com\/mss\/#breadcrumb\",\"itemListElement\":[{\"@type\":\"ListItem\",\"position\":1,\"name\":\"Home\",\"item\":\"https:\/\/www.jsitelecom.com\/es\/\"},{\"@type\":\"ListItem\",\"position\":2,\"name\":\"Declaraci\u00f3n contra la esclavitud moderna\"}]},{\"@type\":\"WebSite\",\"@id\":\"https:\/\/www.jsitelecom.com\/#website\",\"url\":\"https:\/\/www.jsitelecom.com\/\",\"name\":\"JSI\",\"description\":\"Critical Insight When it Matters\",\"potentialAction\":[{\"@type\":\"SearchAction\",\"target\":{\"@type\":\"EntryPoint\",\"urlTemplate\":\"https:\/\/www.jsitelecom.com\/?s={search_term_string}\"},\"query-input\":{\"@type\":\"PropertyValueSpecification\",\"valueRequired\":true,\"valueName\":\"search_term_string\"}}],\"inLanguage\":\"es-ES\"}]}<\/script>\n<!-- \/ Yoast SEO plugin. -->","yoast_head_json":{"title":"Declaraci\u00f3n contra la esclavitud moderna - JSI","description":"\u00danase a nosotros en la lucha contra la esclavitud moderna. Nuestra declaraci\u00f3n detalla el compromiso con las pr\u00e1cticas comerciales \u00e9ticas y los derechos humanos.","robots":{"index":"index","follow":"follow","max-snippet":"max-snippet:-1","max-image-preview":"max-image-preview:large","max-video-preview":"max-video-preview:-1"},"canonical":"https:\/\/www.jsitelecom.com\/mss\/","og_locale":"es_ES","og_type":"article","og_title":"Declaraci\u00f3n contra la esclavitud moderna - JSI","og_description":"\u00danase a nosotros en la lucha contra la esclavitud moderna. Nuestra declaraci\u00f3n detalla el compromiso con las pr\u00e1cticas comerciales \u00e9ticas y los derechos humanos.","og_url":"https:\/\/www.jsitelecom.com\/mss\/","og_site_name":"JSI","article_modified_time":"2025-06-24T17:49:59+00:00","twitter_card":"summary_large_image","twitter_misc":{"Est. reading time":"5 minutes"},"schema":{"@context":"https:\/\/schema.org","@graph":[{"@type":"WebPage","@id":"https:\/\/www.jsitelecom.com\/mss\/","url":"https:\/\/www.jsitelecom.com\/mss\/","name":"Declaraci\u00f3n contra la esclavitud moderna - JSI","isPartOf":{"@id":"https:\/\/www.jsitelecom.com\/#website"},"datePublished":"2023-06-15T21:26:16+00:00","dateModified":"2025-06-24T17:49:59+00:00","description":"\u00danase a nosotros en la lucha contra la esclavitud moderna. Nuestra declaraci\u00f3n detalla el compromiso con las pr\u00e1cticas comerciales \u00e9ticas y los derechos humanos.","breadcrumb":{"@id":"https:\/\/www.jsitelecom.com\/mss\/#breadcrumb"},"inLanguage":"es-ES","potentialAction":[{"@type":"ReadAction","target":["https:\/\/www.jsitelecom.com\/mss\/"]}]},{"@type":"BreadcrumbList","@id":"https:\/\/www.jsitelecom.com\/mss\/#breadcrumb","itemListElement":[{"@type":"ListItem","position":1,"name":"Home","item":"https:\/\/www.jsitelecom.com\/es\/"},{"@type":"ListItem","position":2,"name":"Declaraci\u00f3n contra la esclavitud moderna"}]},{"@type":"WebSite","@id":"https:\/\/www.jsitelecom.com\/#website","url":"https:\/\/www.jsitelecom.com\/","name":"JSI","description":"Critical Insight When it Matters","potentialAction":[{"@type":"SearchAction","target":{"@type":"EntryPoint","urlTemplate":"https:\/\/www.jsitelecom.com\/?s={search_term_string}"},"query-input":{"@type":"PropertyValueSpecification","valueRequired":true,"valueName":"search_term_string"}}],"inLanguage":"es-ES"}]}},"_links":{"self":[{"href":"https:\/\/www.jsitelecom.com\/es\/wp-json\/wp\/v2\/pages\/1609","targetHints":{"allow":["GET"]}}],"collection":[{"href":"https:\/\/www.jsitelecom.com\/es\/wp-json\/wp\/v2\/pages"}],"about":[{"href":"https:\/\/www.jsitelecom.com\/es\/wp-json\/wp\/v2\/types\/page"}],"author":[{"embeddable":true,"href":"https:\/\/www.jsitelecom.com\/es\/wp-json\/wp\/v2\/users\/6"}],"replies":[{"embeddable":true,"href":"https:\/\/www.jsitelecom.com\/es\/wp-json\/wp\/v2\/comments?post=1609"}],"version-history":[{"count":3,"href":"https:\/\/www.jsitelecom.com\/es\/wp-json\/wp\/v2\/pages\/1609\/revisions"}],"predecessor-version":[{"id":3354,"href":"https:\/\/www.jsitelecom.com\/es\/wp-json\/wp\/v2\/pages\/1609\/revisions\/3354"}],"wp:attachment":[{"href":"https:\/\/www.jsitelecom.com\/es\/wp-json\/wp\/v2\/media?parent=1609"}],"curies":[{"name":"wp","href":"https:\/\/api.w.org\/{rel}","templated":true}]}}