{"id":1607,"date":"2022-12-16T13:47:17","date_gmt":"2022-12-16T18:47:17","guid":{"rendered":"https:\/\/www.jsitelecom.com\/politica-de-privacidad\/"},"modified":"2025-06-25T09:16:43","modified_gmt":"2025-06-25T13:16:43","slug":"politica-de-privacidad","status":"publish","type":"page","link":"https:\/\/www.jsitelecom.com\/es\/politica-de-privacidad\/","title":{"rendered":"Pol\u00edtica de privacidad"},"content":{"rendered":"<p>Esta pol\u00edtica de privacidad (\u201cPol\u00edtica de privacidad\u201d) establece de qu\u00e9 manera JSI Group, Jatom Systems Inc. y sus compa\u00f1\u00edas afiliadas (\u201cJSI\u201d) recopilan, utilizan y protegen su informaci\u00f3n personal.<\/p>\n<p>El uso de este sitio web, incluidas todas las p\u00e1ginas de jsitelecom.com que este contiene (\u201cSitio\u201d) se rige por T\u00e9rminos de uso espec\u00edficos a los cuales deber\u00e1 acceder.<\/p>\n<h2>Recopilaci\u00f3n y uso de la informaci\u00f3n personal<\/h2>\n<p>Usted visualiza y examina el Sitio sin divulgar informaci\u00f3n personal. De hecho, JSI no recibe informaci\u00f3n personal sobre usted, a menos que usted nos proporcione dicha informaci\u00f3n voluntariamente cuando nos contacta a trav\u00e9s de los formularios, direcciones de correo electr\u00f3nico o n\u00fameros de tel\u00e9fono proporcionados en el Sitio. Sujeto a los T\u00e9rminos de uso, cuando usted proporciona informaci\u00f3n personal de manera voluntaria, esta solo se utiliza para los prop\u00f3sitos limitados para los cuales usted la proporcion\u00f3 o la autoriz\u00f3. Asimismo, JSI no retiene espec\u00edficamente ning\u00fan tipo de informaci\u00f3n personal, como nombre, n\u00famero de tel\u00e9fono y direcci\u00f3n de correo electr\u00f3nico, en ninguna clase de base de datos, lista de suscriptores, lista de contactos ni nada parecido, salvo que tengamos una relaci\u00f3n comercial con usted y necesitemos retener tal informaci\u00f3n con fines comerciales. En el caso de las personas con las que JSI tenga una relaci\u00f3n comercial, JSI no comparte ni compartir\u00e1, rentar\u00e1 ni vender\u00e1 ning\u00fan tipo de informaci\u00f3n personal con ning\u00fan tercero, a menos que la ley lo exija.<\/p>\n<p>JSI se reserva el derecho de llevar a cabo an\u00e1lisis estad\u00edsticos del Sitio para fines internos \u00fanicamente a trav\u00e9s del uso de direcciones IP registradas de visitantes al Sitio de manera an\u00f3nima y globalizada (las direcciones IP no se vinculan a informaci\u00f3n de identificaci\u00f3n personal) con el fin de medir el inter\u00e9s en el Sitio y el uso de este.<\/p>\n<h2>Cookies<\/h2>\n<p>Las cookies son peque\u00f1os archivos de texto que contienen n\u00fameros y letras, y se encuentran en su computadora o dispositivo. Las cookies se configuran cuando visita un sitio web que utiliza cookies y pueden ser usadas, por ejemplo, para rastrar las p\u00e1ginas web que usted visita dentro del sitio web, o recordar sus preferencias, como los ajustes de idioma.<\/p>\n<p>El sitio web de JSI utiliza cookies. En el sitio web usted puede optar por aceptar todas las cookies, solo aquellas que sean estrictamente necesarias y\/o las cookies anal\u00edticas. Si no se hace ninguna elecci\u00f3n, la ventana de notificaci\u00f3n de cookies permanece activa hasta que usted decida el nivel de cookies que se puede usar.<\/p>\n<h2>Cookies estrictamente necesarias<\/h2>\n<p>Estas cookies son necesarias para que nuestro sitio web funcione adecuadamente y no puede desactivarse en nuestros sistemas. Por lo general solo se configuran en respuesta a las acciones que usted realiza, y que pueden ser la solicitud de servicios, como la configuraci\u00f3n de sus preferencias de privacidad, inicio de sesi\u00f3n o rellenado de formularios, o cuando son esenciales para proporcionarle un servicio que ha solicitado. Usted no puede rechazar estas cookies. Puede configurar su explorador para que bloquee o lo alerte de estas cookies, pero si lo hace, algunas partes del sitio no funcionar\u00e1n. Estas cookies no almacenan ning\u00fan tipo de informaci\u00f3n que lo identifique personalmente.<\/p>\n<h2>Todas las cookies<\/h2>\n<p>Para monitorear la efectividad del sitio web de JSI, JSI utiliza Google Analytics para sus servicios de cookies. Al permitir todas las cookies, adem\u00e1s de la funcionalidad provista por las Cookies estrictamente necesarias, otras cookies como las operativas y de rendimiento, nos permiten realizar an\u00e1lisis web, y contar visitas y or\u00edgenes de tr\u00e1fico, para poder medir y mejorar el rendimiento de nuestro sitio web. Estas nos pueden ayudar a conocer qu\u00e9 p\u00e1ginas web son las m\u00e1s y menos populares y ver c\u00f3mo los visitantes recorren el sitio web. La informaci\u00f3n que recopilan estas cookies es global, y no se re\u00fane ni almacena informaci\u00f3n de identificaci\u00f3n personal, dado que se oculta el \u00faltimo octeto de su direcci\u00f3n IP, y la configuraci\u00f3n de uso compartido de datos se ha desactivado.<\/p>\n<h2>Cookies anal\u00edticas<\/h2>\n<p>Estas cookies nos permiten contabilizar visitas y or\u00edgenes de tr\u00e1fico para poder medir y mejorar el rendimiento de nuestro sitio. Estas nos pueden ayudar a conocer qu\u00e9 p\u00e1ginas son las m\u00e1s y menos populares y ver c\u00f3mo los visitantes recorren el sitio, lo que nos ayuda a optimizar su experiencia. Toda la informaci\u00f3n que recopilan estas cookies es global y, por lo tanto, an\u00f3nima. Si no permite estas cookies, no podremos utilizar sus datos de esta manera.<\/p>\n<h2>Enmiendas a la Pol\u00edtica de privacidad<\/h2>\n<p>JSI se reserva el derecho de modificar esta Pol\u00edtica de privacidad en cualquier momento al publicar avisos de modificaciones que se realicen a esta p\u00e1gina web del Sitio. Tales modificaciones se har\u00e1n efectivas de inmediato. Su uso del Sitio constituye su aceptaci\u00f3n de la Pol\u00edtica de privacidad, y que acepta cumplir y estar sujeto a la Pol\u00edtica de privacidad. Esta Pol\u00edtica de privacidad se actualiz\u00f3 por \u00faltima vez en marzo de 2025.<\/p>\n<p>Si tiene alguna pregunta acerca de esta Pol\u00edtica de privacidad o de las pr\u00e1cticas de privacidad de JSI en relaci\u00f3n con este Sitio, dirija su consulta a <a href=\"mailto:info@jsitelecom.com\">info@jsitelecom.com<\/a>.<\/p>\n<p>&nbsp;<\/p>\n","protected":false},"excerpt":{"rendered":"<p>Esta pol\u00edtica de privacidad (\u201cPol\u00edtica de privacidad\u201d) establece de qu\u00e9 manera JSI Group, Jatom Systems Inc. y sus compa\u00f1\u00edas afiliadas (\u201cJSI\u201d) recopilan, utilizan y protegen su informaci\u00f3n personal. El uso de este sitio web, incluidas todas las p\u00e1ginas de jsitelecom.com que este contiene (\u201cSitio\u201d) se rige por T\u00e9rminos de uso espec\u00edficos a los cuales deber\u00e1 [&hellip;]<\/p>\n","protected":false},"author":1,"featured_media":0,"parent":0,"menu_order":0,"comment_status":"closed","ping_status":"closed","template":"page-legal.php","meta":{"_acf_changed":false,"content-type":"","footnotes":""},"class_list":["post-1607","page","type-page","status-publish","hentry"],"acf":[],"yoast_head":"<!-- This site is optimized with the Yoast SEO plugin v27.2 - https:\/\/yoast.com\/product\/yoast-seo-wordpress\/ -->\n<title>Pol\u00edtica de privacidad - JSI<\/title>\n<meta name=\"description\" content=\"Su privacidad es importante para nosotros. Descubra c\u00f3mo resguardar su informaci\u00f3n personal con la pol\u00edtica de privacidad de nuestro sitio web.\" \/>\n<meta name=\"robots\" content=\"index, follow, max-snippet:-1, max-image-preview:large, max-video-preview:-1\" \/>\n<link rel=\"canonical\" href=\"https:\/\/www.jsitelecom.com\/jsi-privacy-policy\/\" \/>\n<meta property=\"og:locale\" content=\"es_ES\" \/>\n<meta property=\"og:type\" content=\"article\" \/>\n<meta property=\"og:title\" content=\"Pol\u00edtica de privacidad - JSI\" \/>\n<meta property=\"og:description\" content=\"Su privacidad es importante para nosotros. Descubra c\u00f3mo resguardar su informaci\u00f3n personal con la pol\u00edtica de privacidad de nuestro sitio web.\" \/>\n<meta property=\"og:url\" content=\"https:\/\/www.jsitelecom.com\/jsi-privacy-policy\/\" \/>\n<meta property=\"og:site_name\" content=\"JSI\" \/>\n<meta property=\"article:modified_time\" content=\"2025-06-25T13:16:43+00:00\" \/>\n<meta name=\"twitter:card\" content=\"summary_large_image\" \/>\n<meta name=\"twitter:label1\" content=\"Est. reading time\" \/>\n\t<meta name=\"twitter:data1\" content=\"4 minutes\" \/>\n<script type=\"application\/ld+json\" class=\"yoast-schema-graph\">{\"@context\":\"https:\/\/schema.org\",\"@graph\":[{\"@type\":\"WebPage\",\"@id\":\"https:\/\/www.jsitelecom.com\/jsi-privacy-policy\/\",\"url\":\"https:\/\/www.jsitelecom.com\/jsi-privacy-policy\/\",\"name\":\"Pol\u00edtica de privacidad - JSI\",\"isPartOf\":{\"@id\":\"https:\/\/www.jsitelecom.com\/#website\"},\"datePublished\":\"2022-12-16T18:47:17+00:00\",\"dateModified\":\"2025-06-25T13:16:43+00:00\",\"description\":\"Su privacidad es importante para nosotros. Descubra c\u00f3mo resguardar su informaci\u00f3n personal con la pol\u00edtica de privacidad de nuestro sitio web.\",\"breadcrumb\":{\"@id\":\"https:\/\/www.jsitelecom.com\/jsi-privacy-policy\/#breadcrumb\"},\"inLanguage\":\"es-ES\",\"potentialAction\":[{\"@type\":\"ReadAction\",\"target\":[\"https:\/\/www.jsitelecom.com\/jsi-privacy-policy\/\"]}]},{\"@type\":\"BreadcrumbList\",\"@id\":\"https:\/\/www.jsitelecom.com\/jsi-privacy-policy\/#breadcrumb\",\"itemListElement\":[{\"@type\":\"ListItem\",\"position\":1,\"name\":\"Home\",\"item\":\"https:\/\/www.jsitelecom.com\/es\/\"},{\"@type\":\"ListItem\",\"position\":2,\"name\":\"Pol\u00edtica de privacidad\"}]},{\"@type\":\"WebSite\",\"@id\":\"https:\/\/www.jsitelecom.com\/#website\",\"url\":\"https:\/\/www.jsitelecom.com\/\",\"name\":\"JSI\",\"description\":\"Critical Insight When it Matters\",\"potentialAction\":[{\"@type\":\"SearchAction\",\"target\":{\"@type\":\"EntryPoint\",\"urlTemplate\":\"https:\/\/www.jsitelecom.com\/?s={search_term_string}\"},\"query-input\":{\"@type\":\"PropertyValueSpecification\",\"valueRequired\":true,\"valueName\":\"search_term_string\"}}],\"inLanguage\":\"es-ES\"}]}<\/script>\n<!-- \/ Yoast SEO plugin. -->","yoast_head_json":{"title":"Pol\u00edtica de privacidad - JSI","description":"Su privacidad es importante para nosotros. Descubra c\u00f3mo resguardar su informaci\u00f3n personal con la pol\u00edtica de privacidad de nuestro sitio web.","robots":{"index":"index","follow":"follow","max-snippet":"max-snippet:-1","max-image-preview":"max-image-preview:large","max-video-preview":"max-video-preview:-1"},"canonical":"https:\/\/www.jsitelecom.com\/jsi-privacy-policy\/","og_locale":"es_ES","og_type":"article","og_title":"Pol\u00edtica de privacidad - JSI","og_description":"Su privacidad es importante para nosotros. Descubra c\u00f3mo resguardar su informaci\u00f3n personal con la pol\u00edtica de privacidad de nuestro sitio web.","og_url":"https:\/\/www.jsitelecom.com\/jsi-privacy-policy\/","og_site_name":"JSI","article_modified_time":"2025-06-25T13:16:43+00:00","twitter_card":"summary_large_image","twitter_misc":{"Est. reading time":"4 minutes"},"schema":{"@context":"https:\/\/schema.org","@graph":[{"@type":"WebPage","@id":"https:\/\/www.jsitelecom.com\/jsi-privacy-policy\/","url":"https:\/\/www.jsitelecom.com\/jsi-privacy-policy\/","name":"Pol\u00edtica de privacidad - JSI","isPartOf":{"@id":"https:\/\/www.jsitelecom.com\/#website"},"datePublished":"2022-12-16T18:47:17+00:00","dateModified":"2025-06-25T13:16:43+00:00","description":"Su privacidad es importante para nosotros. Descubra c\u00f3mo resguardar su informaci\u00f3n personal con la pol\u00edtica de privacidad de nuestro sitio web.","breadcrumb":{"@id":"https:\/\/www.jsitelecom.com\/jsi-privacy-policy\/#breadcrumb"},"inLanguage":"es-ES","potentialAction":[{"@type":"ReadAction","target":["https:\/\/www.jsitelecom.com\/jsi-privacy-policy\/"]}]},{"@type":"BreadcrumbList","@id":"https:\/\/www.jsitelecom.com\/jsi-privacy-policy\/#breadcrumb","itemListElement":[{"@type":"ListItem","position":1,"name":"Home","item":"https:\/\/www.jsitelecom.com\/es\/"},{"@type":"ListItem","position":2,"name":"Pol\u00edtica de privacidad"}]},{"@type":"WebSite","@id":"https:\/\/www.jsitelecom.com\/#website","url":"https:\/\/www.jsitelecom.com\/","name":"JSI","description":"Critical Insight When it Matters","potentialAction":[{"@type":"SearchAction","target":{"@type":"EntryPoint","urlTemplate":"https:\/\/www.jsitelecom.com\/?s={search_term_string}"},"query-input":{"@type":"PropertyValueSpecification","valueRequired":true,"valueName":"search_term_string"}}],"inLanguage":"es-ES"}]}},"_links":{"self":[{"href":"https:\/\/www.jsitelecom.com\/es\/wp-json\/wp\/v2\/pages\/1607","targetHints":{"allow":["GET"]}}],"collection":[{"href":"https:\/\/www.jsitelecom.com\/es\/wp-json\/wp\/v2\/pages"}],"about":[{"href":"https:\/\/www.jsitelecom.com\/es\/wp-json\/wp\/v2\/types\/page"}],"author":[{"embeddable":true,"href":"https:\/\/www.jsitelecom.com\/es\/wp-json\/wp\/v2\/users\/1"}],"replies":[{"embeddable":true,"href":"https:\/\/www.jsitelecom.com\/es\/wp-json\/wp\/v2\/comments?post=1607"}],"version-history":[{"count":3,"href":"https:\/\/www.jsitelecom.com\/es\/wp-json\/wp\/v2\/pages\/1607\/revisions"}],"predecessor-version":[{"id":3381,"href":"https:\/\/www.jsitelecom.com\/es\/wp-json\/wp\/v2\/pages\/1607\/revisions\/3381"}],"wp:attachment":[{"href":"https:\/\/www.jsitelecom.com\/es\/wp-json\/wp\/v2\/media?parent=1607"}],"curies":[{"name":"wp","href":"https:\/\/api.w.org\/{rel}","templated":true}]}}