{"id":1583,"date":"2023-06-13T14:37:04","date_gmt":"2023-06-13T18:37:04","guid":{"rendered":"https:\/\/www.jsitelecom.com\/terminos-de-uso\/"},"modified":"2025-06-25T09:18:51","modified_gmt":"2025-06-25T13:18:51","slug":"terminos-de-uso","status":"publish","type":"page","link":"https:\/\/www.jsitelecom.com\/es\/terminos-de-uso\/","title":{"rendered":"T\u00e9rminos de uso"},"content":{"rendered":"<p>Este sitio web, incluidas las p\u00e1ginas web jsitelecom.com y jsigroup.com all\u00ed incluidas (\u201cSitio\u201d), est\u00e1 protegido por Copyright 2025 JATOM SYSTEMS INC. Reservados todos los derechos.<\/p>\n<h2>Acerca de estos T\u00e9rminos<\/h2>\n<p>Estos T\u00e9rminos de uso, tal como all\u00ed se indica en esta p\u00e1gina web (\u201cT\u00e9rminos\u201d) rigen todos y cada uno de los usos del Sitio. Al acceder, visualizar o realizar cualquier otro uso del Sitio, acepta cumplir con los T\u00e9rminos. JSI se reserva el derecho de modificar estos T\u00e9rminos de tanto en tanto a su entera discreci\u00f3n mediante la actualizaci\u00f3n de esta publicaci\u00f3n. Debe visitar esta p\u00e1gina web del Sitio de tanto en tanto para consultar los T\u00e9rminos actualizados. Pueden agregarse ciertas disposiciones de estos T\u00e9rminos o sustituirse por avisos legales o t\u00e9rminos expresamente designados ubicados en p\u00e1ginas web en particular en el Sitio.<\/p>\n<p>El Sitio (sin incluir los sitios vinculados) es controlado por JSI desde sus oficinas en la Provincia de Ontario, Canad\u00e1. Al acceder al Sitio, usted y JSI acuerdan que todos los asuntos relacionados con su acceso o uso del Sitio, o cualquier disputa relacionada con los T\u00e9rminos, se regir\u00e1 por y ser\u00e1 interceptada de conformidad con las leyes y regulaciones vigentes en la Provincia de Ontario y las leyes federales de Canad\u00e1 aplicables, sin considerar ning\u00fan conflicto de leyes, principios o normas. Usted y JSI acuerdan y quedan sujetos a la jurisdicci\u00f3n exclusiva y competencia de los tribunales de la Provincia de Ontario con respecto a tales asuntos.<\/p>\n<p>Si alguna disposici\u00f3n (o parte de alguna disposici\u00f3n) de estos T\u00e9rminos resulta no v\u00e1lida, ilegal o inaplicable por un tribunal de jurisdicci\u00f3n competente, tal disposici\u00f3n o parte de esta, en la medida que sea exigible, se considerar\u00e1 eliminada o modificada al grado m\u00ednimo necesario para que sea legal, v\u00e1lida y aplicable, y la aplicabilidad de otras disposiciones no se ver\u00e1 afectada y continuar\u00e1 en plena vigencia y efecto.<\/p>\n<h2>Propiedad y contenido del Sitio<\/h2>\n<p>El Sitio incluye contenido que es propiedad de y\/o que JSI opera, y para el cual JSI tiene licencia, y se encuentra protegido por derechos de autor, marca y secreto comercial y\/u otras leyes de propiedad intelectual y cl\u00e1usulas de tratados (\u201cContenido\u201d). JSI o sus licenciatarios conservan todos los derechos, t\u00edtulos y privilegios con respecto a dicho Contenido. JSI le otorga un derecho limitado y revocable a visualizar el Sitio y el Contenido exclusivamente para uso interno y personal del Sitio, siempre que cumpla con todos los T\u00e9rminos durante la visualizaci\u00f3n del Sitio.<\/p>\n<p>Ning\u00fan Contenido de este Sitio puede reproducirse, modificarse ni alterarse de ninguna manera ni por ning\u00fan medio, sin el permiso previo por escrito de JSI.<\/p>\n<h2>Su uso del Sitio<\/h2>\n<p>Cuando accede, visualiza o realiza cualquier otro uso del Sitio, acepta no alentar ni permitir que otros:<\/p>\n<ul>\n<li>env\u00eden, muestren o compartan ning\u00fan contenido ileg\u00edtimo, obsceno, vulgar, abusivo, lascivo, profano, difamatorio, intimidante, perjudicial, amenazante, doloso, injurioso, pornogr\u00e1fico infantil, invasivo de la privacidad de terceros, ofensivo u objetable de alg\u00fan modo, o desde el punto de vista racial o \u00e9tnico;<\/li>\n<li>env\u00eden, muestren o compartan ning\u00fan contenido que usted no tiene derecho a enviar, mostrar o compartir conforme a una ley o relaci\u00f3n legal, contractual o fiduciaria;<\/li>\n<li>env\u00eden, muestren o compartan ning\u00fan contenido que viole o infrinja un derecho de autor, marca comercial u otro derecho de propiedad intelectual u otro derecho privado;<\/li>\n<li>intenten hacerse pasar por ninguna entidad o persona, o representar falsamente su afiliaci\u00f3n con estos;<\/li>\n<li>env\u00eden o distribuyan ning\u00fan correo basura, promociones, anuncios, correo no deseado, circulares u otros mensajes similares no solicitados;<\/li>\n<li>env\u00eden o compartan ning\u00fan contenido que incluya virus de software ni ning\u00fan otro c\u00f3digo, archivo o programa inform\u00e1tico dise\u00f1ado para atacar, abusar, interceptar, interrumpir, destruir o limitar la funcionalidad de un software inform\u00e1tico o equipo de red o el Sitio mismo;<\/li>\n<li>env\u00eden o compartan ning\u00fan contenido de alguna manera que pudiera da\u00f1ar, deshabilitar o alterar las operaciones de un servidor o red de JSI;<\/li>\n<li>alterar o interferir con la seguridad del Sitio o cualquier sistema, equipo, red, software, recurso, contrase\u00f1a y cuenta de JSI.<\/li>\n<\/ul>\n<h2>Comunicaciones y contenido de usuario que usted nos env\u00ede<\/h2>\n<p>JSI no se adjudica derecho de propiedad alguno en ning\u00fan texto, imagen, archivo, software, trabajo de autor\u00eda, ni ning\u00fan otro material que nos env\u00ede por correo electr\u00f3nico o que proporcione de cualquier otro modo en nuestro Sitio (\u201cContenido del usuario\u201d). Sin embargo, todo el Contenido del usuario se considera no confidencial y p\u00fablico. Usted otorga a JSI una licencia de uso internacional, irrestricta, perpetua, sin regal\u00edas, sublicensable e irrevocable de uso, reproducci\u00f3n, visualizaci\u00f3n p\u00fablica, ejecuci\u00f3n p\u00fablica, modificaci\u00f3n, transmisi\u00f3n y distribuci\u00f3n de su Contenido del usuario sin restricciones, como as\u00ed tambi\u00e9n usted acepta que JSI tiene la libertad de usar cualquier idea, concepto, conocimiento o t\u00e9cnica que se incluya en el Contenido del usuario para cualquier prop\u00f3sito. No obstante, no se divulgar\u00e1 su nombre ni se publicar\u00e1 de ninguna manera el hecho de que usted nos haya enviado Contenido del usuario, a menos que:<br \/>\n(a) usted nos otorgue el permiso para hacerlo;<br \/>\n(b) primero le notifiquemos que el Contenido del usuario que usted nos env\u00ede se publicar\u00e1 o se usar\u00e1 de cualquier otro modo con su nombre; o<br \/>\n(c) la ley nos lo exija.<\/p>\n<p>Para obtener m\u00e1s informaci\u00f3n acerca de c\u00f3mo JSI protege su informaci\u00f3n personal, como su nombre y direcci\u00f3n de correo electr\u00f3nico, consulte la <u>Pol\u00edtica de privacidad<\/u>.<\/p>\n<h2>Garant\u00edas, Exenciones y Limitaciones de responsabilidad<\/h2>\n<p>Nada en estos T\u00e9rminos confiere, por implicaci\u00f3n, impedimento o de otro modo, una licencia o derecho conforme a un secreto comercial, patente, marca comercial, derecho de autor u otro derecho de propiedad intelectual de JSI ni de ning\u00fan tercero. Se reservan todos los derechos no licenciados de forma expresa.<\/p>\n<p>JSI no asume responsabilidad por errores u omisiones en el Sitio, el Contenido ni en ning\u00fan otro documento al que pudiera hacerse referencia o vincularse a este Sitio.<\/p>\n<p>USTED ENTIENDE Y ACEPTA EXPRESAMENTE QUE, EN LA MEDIDA M\u00c1XIMA PERMITIDA POR LA LEY VIGENTE, EL SITIO Y TODO EL CONTENIDO DEL SITIO SE PROPORCIONA &#8220;TAL CUAL&#8221; CON TODOS LOS DEFECTOS Y SIN NINGUNA GARANT\u00cdA NI CONDICI\u00d3N, SEA EXPRESA, IMPL\u00cdCITA, LEGAL, O DE OTRA MANAERA, INCLUIDOS ENTRE OTROS, LOS DE CALIDAD COMERCIALIZABLE, CALIDAD SATISFACTORIA, COMERCIABILIDAD, APTITUD PARA UN PROP\u00d3SITO PARTICULAR, E INEXISTENCIA DE INFRACCI\u00d3N, O LO QUE SE DERIVE DE UN CURSO DE NEGOCIACI\u00d3N, USO O PR\u00c1CTICA COMERCIAL.<\/p>\n<p>JSI NO SER\u00c1 RESPONSABLE EN NING\u00daN CASO DE ACTOS ESPECIALES, INCIDENTALES, INDIRECTOS, CONSECUENTES O PUNITIVOS INCLUIDAS SIN LIMITACI\u00d3N, LAS RESULTANTES DEL LUCRO CESANTE O P\u00c9RDIDA DE INGRESOS, P\u00c9RDIDA DE USO O P\u00c9RDIDA O DA\u00d1O DE DATOS RESULTANTES DE O RELACIONADOS CON EL USO O LA IMPOSIBILIDAD DE USO DE ESTE SITIO O DE CUALQUIER CONTENIDO RELACIONADO, O DA\u00d1OS RESULTANTES DE HACER USO DE O DE CONFIAR EN LA INFORMACI\u00d3N PRESENTE EN EL SITIO, O DA\u00d1OS BASADOS EN CUALQUIER TEOR\u00cdA DE RESPONSABILIDAD, INCLUIDOS INCUMPLIMIENTO DE CONTRATO O GARANT\u00cdA, NEGLIGENCIA U OTRA ACCI\u00d3N DOLOSA, AUN CUANDO JSI HAYA SIDO ALERTADA DE LA POSIBILIDAD DE DICHOS DA\u00d1OS.<br \/>\nALGUNAS JURISDICCIONES NO PERMITEN LA EXCLUSI\u00d3N O LIMITACI\u00d3N DE RESPONSABILIDAD POR DA\u00d1OS CONSECUENTES, INCIDENTALES O PUNITIVOS, POR LO QUE LAS LIMITACIONES Y EXCLUSIONES MENCIONADAS ANTERIORMENTE PUEDEN NO APLICAR EN SU CASO.<\/p>\n<p>TODO USO DE ESTE SITIO QUEDA BAJO SU PROPIO RIESGO.<\/p>\n<p>SI NO EST\u00c1 SATISFECHO CON ALGUNA PARTE DEL SITIO, O ALGUNO DE ESTOS T\u00c9RMINOS, EL \u00daNICO REMEDIO ES DEJAR DE UTILIZARLO.<\/p>\n","protected":false},"excerpt":{"rendered":"<p>Este sitio web, incluidas las p\u00e1ginas web jsitelecom.com y jsigroup.com all\u00ed incluidas (\u201cSitio\u201d), est\u00e1 protegido por Copyright 2025 JATOM SYSTEMS INC. Reservados todos los derechos. Acerca de estos T\u00e9rminos Estos T\u00e9rminos de uso, tal como all\u00ed se indica en esta p\u00e1gina web (\u201cT\u00e9rminos\u201d) rigen todos y cada uno de los usos del Sitio. Al acceder, [&hellip;]<\/p>\n","protected":false},"author":2,"featured_media":0,"parent":0,"menu_order":0,"comment_status":"closed","ping_status":"closed","template":"page-legal.php","meta":{"_acf_changed":false,"content-type":"","footnotes":""},"class_list":["post-1583","page","type-page","status-publish","hentry"],"acf":[],"yoast_head":"<!-- This site is optimized with the Yoast SEO plugin v27.2 - https:\/\/yoast.com\/product\/yoast-seo-wordpress\/ -->\n<title>T\u00e9rminos de uso - JSI<\/title>\n<meta name=\"description\" content=\"Lea los t\u00e9rminos de uso de nuestro sitio web y conozca nuestras normas y pol\u00edticas para una experiencia en l\u00ednea segura y protegida.\" \/>\n<meta name=\"robots\" content=\"index, follow, max-snippet:-1, max-image-preview:large, max-video-preview:-1\" \/>\n<link rel=\"canonical\" href=\"https:\/\/www.jsitelecom.com\/terms-of-use\/\" \/>\n<meta property=\"og:locale\" content=\"es_ES\" \/>\n<meta property=\"og:type\" content=\"article\" \/>\n<meta property=\"og:title\" content=\"T\u00e9rminos de uso - JSI\" \/>\n<meta property=\"og:description\" content=\"Lea los t\u00e9rminos de uso de nuestro sitio web y conozca nuestras normas y pol\u00edticas para una experiencia en l\u00ednea segura y protegida.\" \/>\n<meta property=\"og:url\" content=\"https:\/\/www.jsitelecom.com\/terms-of-use\/\" \/>\n<meta property=\"og:site_name\" content=\"JSI\" \/>\n<meta property=\"article:modified_time\" content=\"2025-06-25T13:18:51+00:00\" \/>\n<meta name=\"twitter:card\" content=\"summary_large_image\" \/>\n<meta name=\"twitter:label1\" content=\"Est. reading time\" \/>\n\t<meta name=\"twitter:data1\" content=\"6 minutes\" \/>\n<script type=\"application\/ld+json\" class=\"yoast-schema-graph\">{\"@context\":\"https:\/\/schema.org\",\"@graph\":[{\"@type\":\"WebPage\",\"@id\":\"https:\/\/www.jsitelecom.com\/terms-of-use\/\",\"url\":\"https:\/\/www.jsitelecom.com\/terms-of-use\/\",\"name\":\"T\u00e9rminos de uso - JSI\",\"isPartOf\":{\"@id\":\"https:\/\/www.jsitelecom.com\/#website\"},\"datePublished\":\"2023-06-13T18:37:04+00:00\",\"dateModified\":\"2025-06-25T13:18:51+00:00\",\"description\":\"Lea los t\u00e9rminos de uso de nuestro sitio web y conozca nuestras normas y pol\u00edticas para una experiencia en l\u00ednea segura y protegida.\",\"breadcrumb\":{\"@id\":\"https:\/\/www.jsitelecom.com\/terms-of-use\/#breadcrumb\"},\"inLanguage\":\"es-ES\",\"potentialAction\":[{\"@type\":\"ReadAction\",\"target\":[\"https:\/\/www.jsitelecom.com\/terms-of-use\/\"]}]},{\"@type\":\"BreadcrumbList\",\"@id\":\"https:\/\/www.jsitelecom.com\/terms-of-use\/#breadcrumb\",\"itemListElement\":[{\"@type\":\"ListItem\",\"position\":1,\"name\":\"Home\",\"item\":\"https:\/\/www.jsitelecom.com\/es\/\"},{\"@type\":\"ListItem\",\"position\":2,\"name\":\"T\u00e9rminos de uso\"}]},{\"@type\":\"WebSite\",\"@id\":\"https:\/\/www.jsitelecom.com\/#website\",\"url\":\"https:\/\/www.jsitelecom.com\/\",\"name\":\"JSI\",\"description\":\"Critical Insight When it Matters\",\"potentialAction\":[{\"@type\":\"SearchAction\",\"target\":{\"@type\":\"EntryPoint\",\"urlTemplate\":\"https:\/\/www.jsitelecom.com\/?s={search_term_string}\"},\"query-input\":{\"@type\":\"PropertyValueSpecification\",\"valueRequired\":true,\"valueName\":\"search_term_string\"}}],\"inLanguage\":\"es-ES\"}]}<\/script>\n<!-- \/ Yoast SEO plugin. -->","yoast_head_json":{"title":"T\u00e9rminos de uso - JSI","description":"Lea los t\u00e9rminos de uso de nuestro sitio web y conozca nuestras normas y pol\u00edticas para una experiencia en l\u00ednea segura y protegida.","robots":{"index":"index","follow":"follow","max-snippet":"max-snippet:-1","max-image-preview":"max-image-preview:large","max-video-preview":"max-video-preview:-1"},"canonical":"https:\/\/www.jsitelecom.com\/terms-of-use\/","og_locale":"es_ES","og_type":"article","og_title":"T\u00e9rminos de uso - JSI","og_description":"Lea los t\u00e9rminos de uso de nuestro sitio web y conozca nuestras normas y pol\u00edticas para una experiencia en l\u00ednea segura y protegida.","og_url":"https:\/\/www.jsitelecom.com\/terms-of-use\/","og_site_name":"JSI","article_modified_time":"2025-06-25T13:18:51+00:00","twitter_card":"summary_large_image","twitter_misc":{"Est. reading time":"6 minutes"},"schema":{"@context":"https:\/\/schema.org","@graph":[{"@type":"WebPage","@id":"https:\/\/www.jsitelecom.com\/terms-of-use\/","url":"https:\/\/www.jsitelecom.com\/terms-of-use\/","name":"T\u00e9rminos de uso - JSI","isPartOf":{"@id":"https:\/\/www.jsitelecom.com\/#website"},"datePublished":"2023-06-13T18:37:04+00:00","dateModified":"2025-06-25T13:18:51+00:00","description":"Lea los t\u00e9rminos de uso de nuestro sitio web y conozca nuestras normas y pol\u00edticas para una experiencia en l\u00ednea segura y protegida.","breadcrumb":{"@id":"https:\/\/www.jsitelecom.com\/terms-of-use\/#breadcrumb"},"inLanguage":"es-ES","potentialAction":[{"@type":"ReadAction","target":["https:\/\/www.jsitelecom.com\/terms-of-use\/"]}]},{"@type":"BreadcrumbList","@id":"https:\/\/www.jsitelecom.com\/terms-of-use\/#breadcrumb","itemListElement":[{"@type":"ListItem","position":1,"name":"Home","item":"https:\/\/www.jsitelecom.com\/es\/"},{"@type":"ListItem","position":2,"name":"T\u00e9rminos de uso"}]},{"@type":"WebSite","@id":"https:\/\/www.jsitelecom.com\/#website","url":"https:\/\/www.jsitelecom.com\/","name":"JSI","description":"Critical Insight When it Matters","potentialAction":[{"@type":"SearchAction","target":{"@type":"EntryPoint","urlTemplate":"https:\/\/www.jsitelecom.com\/?s={search_term_string}"},"query-input":{"@type":"PropertyValueSpecification","valueRequired":true,"valueName":"search_term_string"}}],"inLanguage":"es-ES"}]}},"_links":{"self":[{"href":"https:\/\/www.jsitelecom.com\/es\/wp-json\/wp\/v2\/pages\/1583","targetHints":{"allow":["GET"]}}],"collection":[{"href":"https:\/\/www.jsitelecom.com\/es\/wp-json\/wp\/v2\/pages"}],"about":[{"href":"https:\/\/www.jsitelecom.com\/es\/wp-json\/wp\/v2\/types\/page"}],"author":[{"embeddable":true,"href":"https:\/\/www.jsitelecom.com\/es\/wp-json\/wp\/v2\/users\/2"}],"replies":[{"embeddable":true,"href":"https:\/\/www.jsitelecom.com\/es\/wp-json\/wp\/v2\/comments?post=1583"}],"version-history":[{"count":3,"href":"https:\/\/www.jsitelecom.com\/es\/wp-json\/wp\/v2\/pages\/1583\/revisions"}],"predecessor-version":[{"id":3384,"href":"https:\/\/www.jsitelecom.com\/es\/wp-json\/wp\/v2\/pages\/1583\/revisions\/3384"}],"wp:attachment":[{"href":"https:\/\/www.jsitelecom.com\/es\/wp-json\/wp\/v2\/media?parent=1583"}],"curies":[{"name":"wp","href":"https:\/\/api.w.org\/{rel}","templated":true}]}}