{"id":1581,"date":"2023-06-14T18:54:03","date_gmt":"2023-06-14T22:54:03","guid":{"rendered":"https:\/\/www.jsitelecom.com\/informacion-aviso-legal\/"},"modified":"2025-06-05T14:20:55","modified_gmt":"2025-06-05T18:20:55","slug":"informacion-aviso-legal","status":"publish","type":"page","link":"https:\/\/www.jsitelecom.com\/es\/informacion-aviso-legal\/","title":{"rendered":"Informaci\u00f3n\/Aviso legal"},"content":{"rendered":"<h2>Canad\u00e1<\/h2>\n<p>Jatom Systems Incorporated<\/p>\n<h2>EE.\u00a0UU.<\/h2>\n<p>JSI Telecom, Incorporated<\/p>\n<h2>Reino Unido<\/h2>\n<p>JSI Telecom Limited<\/p>\n<h2>Alemania<\/h2>\n<p>Hagenauer Stra\u03b2e 53a 3.OG<\/p>\n<p>65203 Wiesbaden, Alemania<\/p>\n<p>Tel\u00e9fono: +49 6122 17840 90<\/p>\n<p><strong>Correo electr\u00f3nico:<\/strong> <a href=\"mailto:info@jsitelecom.com\">info@jsitelecom.com<\/a><\/p>\n<p>Gesch\u00e4ftsf\u00fchrung:<br \/>\nHr. Thomas Wannenmacher, Gesch\u00e4ftsf\u00fchrer<br \/>\nFr. Mhairi Skinner, Gesch\u00e4ftsf\u00fchrerin<\/p>\n<p>Handelsregister Amtsgericht: Frankfurt am Main | HRB 105350 | USt-IdNr.<br \/>\nDE308685814<\/p>\n<h2>Australia<\/h2>\n<p>JSI Telecom Pty Limited<\/p>\n","protected":false},"excerpt":{"rendered":"<p>Canad\u00e1 Jatom Systems Incorporated EE.\u00a0UU. JSI Telecom, Incorporated Reino Unido JSI Telecom Limited Alemania Hagenauer Stra\u03b2e 53a 3.OG 65203 Wiesbaden, Alemania Tel\u00e9fono: +49 6122 17840 90 Correo electr\u00f3nico: info@jsitelecom.com Gesch\u00e4ftsf\u00fchrung: Hr. Thomas Wannenmacher, Gesch\u00e4ftsf\u00fchrer Fr. Mhairi Skinner, Gesch\u00e4ftsf\u00fchrerin Handelsregister Amtsgericht: Frankfurt am Main | HRB 105350 | USt-IdNr. DE308685814 Australia JSI Telecom Pty Limited<\/p>\n","protected":false},"author":6,"featured_media":0,"parent":0,"menu_order":0,"comment_status":"closed","ping_status":"closed","template":"page-legal.php","meta":{"_acf_changed":false,"content-type":"","footnotes":""},"class_list":["post-1581","page","type-page","status-publish","hentry"],"acf":[],"yoast_head":"<!-- This site is optimized with the Yoast SEO plugin v27.2 - https:\/\/yoast.com\/product\/yoast-seo-wordpress\/ -->\n<title>Informaci\u00f3n\/Aviso legal - JSI<\/title>\n<meta name=\"description\" content=\"Buscar detalles legales de nuestra compa\u00f1\u00eda. Nuestra p\u00e1gina de aviso legal provee informaci\u00f3n de transparencia y contacto para brindarle comodidad.\" \/>\n<meta name=\"robots\" content=\"index, follow, max-snippet:-1, max-image-preview:large, max-video-preview:-1\" \/>\n<link rel=\"canonical\" href=\"https:\/\/www.jsitelecom.com\/imprint\/\" \/>\n<meta property=\"og:locale\" content=\"es_ES\" \/>\n<meta property=\"og:type\" content=\"article\" \/>\n<meta property=\"og:title\" content=\"Informaci\u00f3n\/Aviso legal - JSI\" \/>\n<meta property=\"og:description\" content=\"Buscar detalles legales de nuestra compa\u00f1\u00eda. Nuestra p\u00e1gina de aviso legal provee informaci\u00f3n de transparencia y contacto para brindarle comodidad.\" \/>\n<meta property=\"og:url\" content=\"https:\/\/www.jsitelecom.com\/imprint\/\" \/>\n<meta property=\"og:site_name\" content=\"JSI\" \/>\n<meta property=\"article:modified_time\" content=\"2025-06-05T18:20:55+00:00\" \/>\n<meta name=\"twitter:card\" content=\"summary_large_image\" \/>\n<meta name=\"twitter:label1\" content=\"Est. reading time\" \/>\n\t<meta name=\"twitter:data1\" content=\"1 minute\" \/>\n<script type=\"application\/ld+json\" class=\"yoast-schema-graph\">{\"@context\":\"https:\/\/schema.org\",\"@graph\":[{\"@type\":\"WebPage\",\"@id\":\"https:\/\/www.jsitelecom.com\/imprint\/\",\"url\":\"https:\/\/www.jsitelecom.com\/imprint\/\",\"name\":\"Informaci\u00f3n\/Aviso legal - JSI\",\"isPartOf\":{\"@id\":\"https:\/\/www.jsitelecom.com\/#website\"},\"datePublished\":\"2023-06-14T22:54:03+00:00\",\"dateModified\":\"2025-06-05T18:20:55+00:00\",\"description\":\"Buscar detalles legales de nuestra compa\u00f1\u00eda. Nuestra p\u00e1gina de aviso legal provee informaci\u00f3n de transparencia y contacto para brindarle comodidad.\",\"breadcrumb\":{\"@id\":\"https:\/\/www.jsitelecom.com\/imprint\/#breadcrumb\"},\"inLanguage\":\"es-ES\",\"potentialAction\":[{\"@type\":\"ReadAction\",\"target\":[\"https:\/\/www.jsitelecom.com\/imprint\/\"]}]},{\"@type\":\"BreadcrumbList\",\"@id\":\"https:\/\/www.jsitelecom.com\/imprint\/#breadcrumb\",\"itemListElement\":[{\"@type\":\"ListItem\",\"position\":1,\"name\":\"Home\",\"item\":\"https:\/\/www.jsitelecom.com\/es\/\"},{\"@type\":\"ListItem\",\"position\":2,\"name\":\"Informaci\u00f3n\/Aviso legal\"}]},{\"@type\":\"WebSite\",\"@id\":\"https:\/\/www.jsitelecom.com\/#website\",\"url\":\"https:\/\/www.jsitelecom.com\/\",\"name\":\"JSI\",\"description\":\"Critical Insight When it Matters\",\"potentialAction\":[{\"@type\":\"SearchAction\",\"target\":{\"@type\":\"EntryPoint\",\"urlTemplate\":\"https:\/\/www.jsitelecom.com\/?s={search_term_string}\"},\"query-input\":{\"@type\":\"PropertyValueSpecification\",\"valueRequired\":true,\"valueName\":\"search_term_string\"}}],\"inLanguage\":\"es-ES\"}]}<\/script>\n<!-- \/ Yoast SEO plugin. -->","yoast_head_json":{"title":"Informaci\u00f3n\/Aviso legal - JSI","description":"Buscar detalles legales de nuestra compa\u00f1\u00eda. Nuestra p\u00e1gina de aviso legal provee informaci\u00f3n de transparencia y contacto para brindarle comodidad.","robots":{"index":"index","follow":"follow","max-snippet":"max-snippet:-1","max-image-preview":"max-image-preview:large","max-video-preview":"max-video-preview:-1"},"canonical":"https:\/\/www.jsitelecom.com\/imprint\/","og_locale":"es_ES","og_type":"article","og_title":"Informaci\u00f3n\/Aviso legal - JSI","og_description":"Buscar detalles legales de nuestra compa\u00f1\u00eda. Nuestra p\u00e1gina de aviso legal provee informaci\u00f3n de transparencia y contacto para brindarle comodidad.","og_url":"https:\/\/www.jsitelecom.com\/imprint\/","og_site_name":"JSI","article_modified_time":"2025-06-05T18:20:55+00:00","twitter_card":"summary_large_image","twitter_misc":{"Est. reading time":"1 minute"},"schema":{"@context":"https:\/\/schema.org","@graph":[{"@type":"WebPage","@id":"https:\/\/www.jsitelecom.com\/imprint\/","url":"https:\/\/www.jsitelecom.com\/imprint\/","name":"Informaci\u00f3n\/Aviso legal - JSI","isPartOf":{"@id":"https:\/\/www.jsitelecom.com\/#website"},"datePublished":"2023-06-14T22:54:03+00:00","dateModified":"2025-06-05T18:20:55+00:00","description":"Buscar detalles legales de nuestra compa\u00f1\u00eda. Nuestra p\u00e1gina de aviso legal provee informaci\u00f3n de transparencia y contacto para brindarle comodidad.","breadcrumb":{"@id":"https:\/\/www.jsitelecom.com\/imprint\/#breadcrumb"},"inLanguage":"es-ES","potentialAction":[{"@type":"ReadAction","target":["https:\/\/www.jsitelecom.com\/imprint\/"]}]},{"@type":"BreadcrumbList","@id":"https:\/\/www.jsitelecom.com\/imprint\/#breadcrumb","itemListElement":[{"@type":"ListItem","position":1,"name":"Home","item":"https:\/\/www.jsitelecom.com\/es\/"},{"@type":"ListItem","position":2,"name":"Informaci\u00f3n\/Aviso legal"}]},{"@type":"WebSite","@id":"https:\/\/www.jsitelecom.com\/#website","url":"https:\/\/www.jsitelecom.com\/","name":"JSI","description":"Critical Insight When it Matters","potentialAction":[{"@type":"SearchAction","target":{"@type":"EntryPoint","urlTemplate":"https:\/\/www.jsitelecom.com\/?s={search_term_string}"},"query-input":{"@type":"PropertyValueSpecification","valueRequired":true,"valueName":"search_term_string"}}],"inLanguage":"es-ES"}]}},"_links":{"self":[{"href":"https:\/\/www.jsitelecom.com\/es\/wp-json\/wp\/v2\/pages\/1581","targetHints":{"allow":["GET"]}}],"collection":[{"href":"https:\/\/www.jsitelecom.com\/es\/wp-json\/wp\/v2\/pages"}],"about":[{"href":"https:\/\/www.jsitelecom.com\/es\/wp-json\/wp\/v2\/types\/page"}],"author":[{"embeddable":true,"href":"https:\/\/www.jsitelecom.com\/es\/wp-json\/wp\/v2\/users\/6"}],"replies":[{"embeddable":true,"href":"https:\/\/www.jsitelecom.com\/es\/wp-json\/wp\/v2\/comments?post=1581"}],"version-history":[{"count":5,"href":"https:\/\/www.jsitelecom.com\/es\/wp-json\/wp\/v2\/pages\/1581\/revisions"}],"predecessor-version":[{"id":3150,"href":"https:\/\/www.jsitelecom.com\/es\/wp-json\/wp\/v2\/pages\/1581\/revisions\/3150"}],"wp:attachment":[{"href":"https:\/\/www.jsitelecom.com\/es\/wp-json\/wp\/v2\/media?parent=1581"}],"curies":[{"name":"wp","href":"https:\/\/api.w.org\/{rel}","templated":true}]}}