{"id":1579,"date":"2023-06-14T19:00:03","date_gmt":"2023-06-14T19:00:03","guid":{"rendered":"https:\/\/www.jsitelecom.com\/politica-de-accesibilidad\/"},"modified":"2023-09-01T19:01:37","modified_gmt":"2023-09-01T19:01:37","slug":"politica-de-accesibilidad","status":"publish","type":"page","link":"https:\/\/www.jsitelecom.com\/es\/politica-de-accesibilidad\/","title":{"rendered":"Pol\u00edtica de accesibilidad"},"content":{"rendered":"<p>JSI Telecom se compromete a proporcionar todos los bienes y servicios a personas con discapacidades de conformidad con los principios de dignidad, independencia, integraci\u00f3n y oportunidades igualitarias.<\/p>\n<p>Asimismo, dichos bienes y servicios se proporcionar\u00e1n de conformidad con el esp\u00edritu y la intenci\u00f3n de toda la legislaci\u00f3n vigente, incluidos AODA, el C\u00f3digo de Derechos Humanos de Ontario, la Ley de Salud y Seguridad Ocupacional y la Ley del C\u00f3digo de la Construcci\u00f3n de Ontario.<\/p>\n<p>Cuando esta pol\u00edtica difiera de la Norma de Accesibilidad para Servicio al Cliente conforme a la Ley de Accesibilidad para Ciudadanos de Ontario con Discapacidad, 2005 (AODA), se aplicar\u00e1 la Norma AODA.<\/p>\n<h2>Definiciones<\/h2>\n<hr \/>\n<h3>Discapacidad:<\/h3>\n<p>A los fines de esta pol\u00edtica, el t\u00e9rmino \u201cdiscapacidad\u201d incluye:<\/p>\n<ol>\n<li>cualquier grado de discapacidad f\u00edsica, dolencia, malformaci\u00f3n o desfiguraci\u00f3n causada por una lesi\u00f3n corporal, anomal\u00eda cong\u00e9nita o enfermedad, que sin limitar la generalidad de lo que antecede, incluye diabetes mellitus, epilepsia, lesi\u00f3n cerebral, cualquier grado de par\u00e1lisis, amputaci\u00f3n, falta de coordinaci\u00f3n f\u00edsica, ceguera o impedimento visual, sordera o impedimento auditivo, mutismo o impedimento del habla o dependencia f\u00edsica de alg\u00fan perro gu\u00eda u otro animal, o de una silla de ruedas u otro art\u00edculo o dispositivo de asistencia;<\/li>\n<li>condici\u00f3n de deficiencia mental o discapacidad del desarrollo;<\/li>\n<li>discapacidad del aprendizaje, o disfunci\u00f3n en uno o m\u00e1s de los procesos del entendimiento o uso del lenguaje de s\u00edmbolos o hablado;<\/li>\n<li>trastorno mental; o<\/li>\n<li>lesi\u00f3n o discapacidad para la cual se reclamaron o recibieron prestaciones conforme al plan de seguro establecido en la Ley de Seguridad en el Trabajo de 1997.<\/li>\n<\/ol>\n<h3>Empleado:<\/h3>\n<p>Para los fines de esta pol\u00edtica, el t\u00e9rmino \u201cempleado\u201d se refiere a cualquier persona a la cual JSI Telecom le paga un salario o sueldo, tiene control sobre su trabajo asignado y tiene derecho de controlar los detalles de su trabajo.<br \/>\nEsto incluye, entre otros, a:<\/p>\n<ol>\n<li>Empleados a tiempo completo<\/li>\n<li>Empleados a tiempo parcial<\/li>\n<li>Empleados por temporada<\/li>\n<li>Empleados contratados<\/li>\n<\/ol>\n<h3>Animal de apoyo:<\/h3>\n<p>Para los fines de esta pol\u00edtica, un animal de apoyo es un animal para una persona con una discapacidad:<\/p>\n<ul>\n<li>si se infiere f\u00e1cilmente que la persona utiliza al animal por motivos relacionados con su discapacidad; o<\/li>\n<li>si la persona proporciona una nota de un m\u00e9dico o enfermero\/a que confirma que la persona necesita al animal por motivos relacionados con la discapacidad.<\/li>\n<\/ul>\n<p>\u201cAnimal de apoyo\u201d tambi\u00e9n incluye al perro gu\u00eda, seg\u00fan se define en la Secci\u00f3n\u00a01 de la Ley de Derechos para Personas Ciegas.<\/p>\n<h3>Persona de apoyo:<\/h3>\n<p>Para los fines de esta pol\u00edtica, una \u201cpersona de apoyo\u201d es una persona que acompa\u00f1a a alguien con una discapacidad para ayudarla en la comunicaci\u00f3n, la movilidad, el cuidado personal o las necesidades m\u00e9dicas, o con acceso a bienes o servicios.<br \/>\nLa persona de apoyo podr\u00eda ser un asistente personal asalariado, un voluntario, un amigo o un familiar.<br \/>\nEsta persona no necesariamente debe tener capacitaci\u00f3n o calificaciones especiales.<\/p>\n<h2>Principios operativos<\/h2>\n<hr \/>\n<h3>Comunicaci\u00f3n accesible<\/h3>\n<p>JSI Telecom y sus empleados se comunicar\u00e1n con las personas con discapacidad de maneras que contemplen la discapacidad espec\u00edfica de cada una.<\/p>\n<p>Nuestras p\u00e1ginas web externas cumplir\u00e1n con la legislaci\u00f3n requerida y se har\u00e1 lo posible por acomodar cualquier solicitud de accesibilidad espec\u00edfica que se informe a JSI.<\/p>\n<h3>Animales de servicio y personas de apoyo<\/h3>\n<p>Salvo que la ley lo proh\u00edba, las personas con discapacidades podr\u00e1n ser acompa\u00f1ados de una persona de apoyo o animal de asistencia:<\/p>\n<ol>\n<li>cuando los servicios se brinden en instalaciones de propiedad u operadas por JSI Telecom;<\/li>\n<li>cuando el p\u00fablico o terceros normalmente tengan acceso a dichas instalaciones.<\/li>\n<\/ol>\n<h3>Dispositivos de asistencia<\/h3>\n<p>JSI Telecom se compromete a brindar servicio a personas con discapacidades que utilicen dispositivos de asistencia.<br \/>\nNos esforzaremos por familiarizarnos con los distintos dispositivos de asistencia que utilicen las personas con discapacidad y seremos flexibles en facilitar su uso por personas con discapacidad para as\u00ed poder acceder a nuestros bienes y servicios.<\/p>\n<h3>Interrupci\u00f3n en el servicio<\/h3>\n<p>JSI Telecom notificar\u00e1 p\u00fablicamente de manera oportuna sobre una interrupci\u00f3n actual o anticipada en cualquiera de las instalaciones o servicios que proporcionemos para permitir a las personas con discapacidad acceder a nuestros servicios.<br \/>\nEste aviso incluir\u00e1 informaci\u00f3n sobre el motivo de la interrupci\u00f3n, su duraci\u00f3n anticipada y una descripci\u00f3n de instalaciones o servicios alternativos, en caso de estar disponibles.<\/p>\n<p>Cuando sea necesario, se coordinar\u00e1 el cambio de reuniones a un edificio alternativo accesible.<\/p>\n<h3>Capacitaci\u00f3n<\/h3>\n<p>JSI Telecom proporcionar\u00e1 capacitaci\u00f3n a:<\/p>\n<ol>\n<li>Todos sus empleados, voluntarios, agentes, contratistas u otros que podr\u00edan tener interacci\u00f3n con el p\u00fablico o terceros en nombre de JSI Telecom.<\/li>\n<li>Todos aquellos involucrados en el desarrollo, aprobaci\u00f3n, monitoreo o implementaci\u00f3n de pol\u00edticas, pr\u00e1cticas y procedimientos de servicio al cliente de JSI Telecom, con respecto al ofrecimiento de bienes y servicios al p\u00fablico y\/o a terceros.<\/li>\n<\/ol>\n<p>Dicha capacitaci\u00f3n se proporcionar\u00e1 a una semana del inicio de la realizaci\u00f3n de la tarea de dicha persona para JSI Telecom.<br \/>\nSe proporcionar\u00e1 capacitaci\u00f3n adicional dentro de las seis semanas de cualquier revisi\u00f3n realizada a esta pol\u00edtica y\/o procedimientos y pr\u00e1cticas relacionados.<\/p>\n<p>Dicha capacitaci\u00f3n incluir\u00e1 lo siguiente:<\/p>\n<ol>\n<li>Una revisi\u00f3n de los prop\u00f3sitos de la AODA y de los requerimientos de su Norma de servicio al cliente.<\/li>\n<li>C\u00f3mo interactuar y comunicarse con personas con distintos tipos de discapacidad.<\/li>\n<li>C\u00f3mo interactuar con personas con discapacidad que utilicen un dispositivos de asistencia o que requieran asistencia de un perro gu\u00eda o la ayuda de una persona de apoyo.<\/li>\n<li>C\u00f3mo utilizar el equipo o los dispositivos disponibles en las instalaciones de JSI Telecom o provistos de cualquier otro modo por JSI Telecom, que puedan ayudar a ofrecer los bienes y servicios a una persona con una discapacidad.<\/li>\n<li>Qu\u00e9 hacer si una persona con un tipo particular de discapacidad est\u00e1 teniendo una dificultad para acceder a los bienes y servicios del proveedor.<\/li>\n<\/ol>\n<h3>Proceso de respuesta de reclamos<\/h3>\n<p>JSI Telecom establecer\u00e1 un proceso recepci\u00f3n y respuesta a comentarios de cualquier persona acerca de la manera en que se brindan bienes y servicios a personas con discapacidades. La informaci\u00f3n acerca de este proceso estar\u00e1 f\u00e1cilmente disponible al p\u00fablico.<\/p>\n<p>El proceso de respuesta de reclamos permitir\u00e1 realizar sus comentarios de forma presencial, por tel\u00e9fono, por escrito o mediante el env\u00edo de un texto electr\u00f3nico por correo electr\u00f3nico, diskette u otro medio.<\/p>\n<p>El proceso de respuesta a reclamos especificar\u00e1 las medidas que tomar\u00e1 JSI Telecom en caso de recepci\u00f3n de una queja. Se dar\u00e1 una respuesta a la persona que realice una queja en un plazo de 7\u00a0d\u00edas h\u00e1biles.<\/p>\n<h3>Responsabilidades<\/h3>\n<p>JSI Telecom es responsable de revisar esta Pol\u00edtica anualmente y de recomendar enmiendas para garantizar el cumplimiento continuo de las normas de accesibilidad reguladas y las obligaciones legisladas. JSI Telecom brindar\u00e1 asesoramiento y orientaci\u00f3n en cuanto a la implementaci\u00f3n de esta Pol\u00edtica.<\/p>\n<p>Los supervisores y gerentes garantizar\u00e1n que ellos y sus empleados est\u00e9n familiarizados con esta Pol\u00edtica.<\/p>\n<h3>Monitoreo y contravenciones<\/h3>\n<p>Los supervisores y gerentes monitorear\u00e1n las pr\u00e1cticas actuales para garantizar el cumplimiento. El no cumplimiento de esta Pol\u00edtica puede derivar en medidas disciplinarias y hasta incluso el despido.<\/p>\n<p>Las preguntas acerca de esta pol\u00edtica se pueden dirigir a RR.\u00a0HH, o al gerente de N\u00f3mina y Beneficios.<\/p>\n","protected":false},"excerpt":{"rendered":"<p>JSI Telecom se compromete a proporcionar todos los bienes y servicios a personas con discapacidades de conformidad con los principios de dignidad, independencia, integraci\u00f3n y oportunidades igualitarias. Asimismo, dichos bienes y servicios se proporcionar\u00e1n de conformidad con el esp\u00edritu y la intenci\u00f3n de toda la legislaci\u00f3n vigente, incluidos AODA, el C\u00f3digo de Derechos Humanos de [&hellip;]<\/p>\n","protected":false},"author":4,"featured_media":0,"parent":0,"menu_order":0,"comment_status":"closed","ping_status":"closed","template":"page-legal.php","meta":{"_acf_changed":false,"content-type":"","footnotes":""},"class_list":["post-1579","page","type-page","status-publish","hentry"],"acf":[],"yoast_head":"<!-- This site is optimized with the Yoast SEO plugin v27.2 - https:\/\/yoast.com\/product\/yoast-seo-wordpress\/ -->\n<title>Pol\u00edtica de accesibilidad | JSI<\/title>\n<meta name=\"description\" content=\"Garantizamos acceso igualitario para todos. Conozca c\u00f3mo nuestra pol\u00edtica de accesibilidad promueve la inclusi\u00f3n y se adapta a diversas necesidades.\" \/>\n<meta name=\"robots\" content=\"index, follow, max-snippet:-1, max-image-preview:large, max-video-preview:-1\" \/>\n<link rel=\"canonical\" href=\"https:\/\/www.jsitelecom.com\/accessibility\/\" \/>\n<meta property=\"og:locale\" content=\"es_ES\" \/>\n<meta property=\"og:type\" content=\"article\" \/>\n<meta property=\"og:title\" content=\"Pol\u00edtica de accesibilidad | JSI\" \/>\n<meta property=\"og:description\" content=\"Garantizamos acceso igualitario para todos. Conozca c\u00f3mo nuestra pol\u00edtica de accesibilidad promueve la inclusi\u00f3n y se adapta a diversas necesidades.\" \/>\n<meta property=\"og:url\" content=\"https:\/\/www.jsitelecom.com\/accessibility\/\" \/>\n<meta property=\"og:site_name\" content=\"JSI\" \/>\n<meta property=\"article:modified_time\" content=\"2023-09-01T19:01:37+00:00\" \/>\n<meta name=\"twitter:card\" content=\"summary_large_image\" \/>\n<meta name=\"twitter:label1\" content=\"Est. reading time\" \/>\n\t<meta name=\"twitter:data1\" content=\"6 minutes\" \/>\n<script type=\"application\/ld+json\" class=\"yoast-schema-graph\">{\"@context\":\"https:\/\/schema.org\",\"@graph\":[{\"@type\":\"WebPage\",\"@id\":\"https:\/\/www.jsitelecom.com\/accessibility\/\",\"url\":\"https:\/\/www.jsitelecom.com\/accessibility\/\",\"name\":\"Pol\u00edtica de accesibilidad | JSI\",\"isPartOf\":{\"@id\":\"https:\/\/www.jsitelecom.com\/#website\"},\"datePublished\":\"2023-06-14T19:00:03+00:00\",\"dateModified\":\"2023-09-01T19:01:37+00:00\",\"description\":\"Garantizamos acceso igualitario para todos. Conozca c\u00f3mo nuestra pol\u00edtica de accesibilidad promueve la inclusi\u00f3n y se adapta a diversas necesidades.\",\"breadcrumb\":{\"@id\":\"https:\/\/www.jsitelecom.com\/accessibility\/#breadcrumb\"},\"inLanguage\":\"es-ES\",\"potentialAction\":[{\"@type\":\"ReadAction\",\"target\":[\"https:\/\/www.jsitelecom.com\/accessibility\/\"]}]},{\"@type\":\"BreadcrumbList\",\"@id\":\"https:\/\/www.jsitelecom.com\/accessibility\/#breadcrumb\",\"itemListElement\":[{\"@type\":\"ListItem\",\"position\":1,\"name\":\"Home\",\"item\":\"https:\/\/www.jsitelecom.com\/es\/\"},{\"@type\":\"ListItem\",\"position\":2,\"name\":\"Pol\u00edtica de accesibilidad\"}]},{\"@type\":\"WebSite\",\"@id\":\"https:\/\/www.jsitelecom.com\/#website\",\"url\":\"https:\/\/www.jsitelecom.com\/\",\"name\":\"JSI\",\"description\":\"Critical Insight When it Matters\",\"potentialAction\":[{\"@type\":\"SearchAction\",\"target\":{\"@type\":\"EntryPoint\",\"urlTemplate\":\"https:\/\/www.jsitelecom.com\/?s={search_term_string}\"},\"query-input\":{\"@type\":\"PropertyValueSpecification\",\"valueRequired\":true,\"valueName\":\"search_term_string\"}}],\"inLanguage\":\"es-ES\"}]}<\/script>\n<!-- \/ Yoast SEO plugin. -->","yoast_head_json":{"title":"Pol\u00edtica de accesibilidad | JSI","description":"Garantizamos acceso igualitario para todos. Conozca c\u00f3mo nuestra pol\u00edtica de accesibilidad promueve la inclusi\u00f3n y se adapta a diversas necesidades.","robots":{"index":"index","follow":"follow","max-snippet":"max-snippet:-1","max-image-preview":"max-image-preview:large","max-video-preview":"max-video-preview:-1"},"canonical":"https:\/\/www.jsitelecom.com\/accessibility\/","og_locale":"es_ES","og_type":"article","og_title":"Pol\u00edtica de accesibilidad | JSI","og_description":"Garantizamos acceso igualitario para todos. Conozca c\u00f3mo nuestra pol\u00edtica de accesibilidad promueve la inclusi\u00f3n y se adapta a diversas necesidades.","og_url":"https:\/\/www.jsitelecom.com\/accessibility\/","og_site_name":"JSI","article_modified_time":"2023-09-01T19:01:37+00:00","twitter_card":"summary_large_image","twitter_misc":{"Est. reading time":"6 minutes"},"schema":{"@context":"https:\/\/schema.org","@graph":[{"@type":"WebPage","@id":"https:\/\/www.jsitelecom.com\/accessibility\/","url":"https:\/\/www.jsitelecom.com\/accessibility\/","name":"Pol\u00edtica de accesibilidad | JSI","isPartOf":{"@id":"https:\/\/www.jsitelecom.com\/#website"},"datePublished":"2023-06-14T19:00:03+00:00","dateModified":"2023-09-01T19:01:37+00:00","description":"Garantizamos acceso igualitario para todos. Conozca c\u00f3mo nuestra pol\u00edtica de accesibilidad promueve la inclusi\u00f3n y se adapta a diversas necesidades.","breadcrumb":{"@id":"https:\/\/www.jsitelecom.com\/accessibility\/#breadcrumb"},"inLanguage":"es-ES","potentialAction":[{"@type":"ReadAction","target":["https:\/\/www.jsitelecom.com\/accessibility\/"]}]},{"@type":"BreadcrumbList","@id":"https:\/\/www.jsitelecom.com\/accessibility\/#breadcrumb","itemListElement":[{"@type":"ListItem","position":1,"name":"Home","item":"https:\/\/www.jsitelecom.com\/es\/"},{"@type":"ListItem","position":2,"name":"Pol\u00edtica de accesibilidad"}]},{"@type":"WebSite","@id":"https:\/\/www.jsitelecom.com\/#website","url":"https:\/\/www.jsitelecom.com\/","name":"JSI","description":"Critical Insight When it Matters","potentialAction":[{"@type":"SearchAction","target":{"@type":"EntryPoint","urlTemplate":"https:\/\/www.jsitelecom.com\/?s={search_term_string}"},"query-input":{"@type":"PropertyValueSpecification","valueRequired":true,"valueName":"search_term_string"}}],"inLanguage":"es-ES"}]}},"_links":{"self":[{"href":"https:\/\/www.jsitelecom.com\/es\/wp-json\/wp\/v2\/pages\/1579","targetHints":{"allow":["GET"]}}],"collection":[{"href":"https:\/\/www.jsitelecom.com\/es\/wp-json\/wp\/v2\/pages"}],"about":[{"href":"https:\/\/www.jsitelecom.com\/es\/wp-json\/wp\/v2\/types\/page"}],"author":[{"embeddable":true,"href":"https:\/\/www.jsitelecom.com\/es\/wp-json\/wp\/v2\/users\/4"}],"replies":[{"embeddable":true,"href":"https:\/\/www.jsitelecom.com\/es\/wp-json\/wp\/v2\/comments?post=1579"}],"version-history":[{"count":2,"href":"https:\/\/www.jsitelecom.com\/es\/wp-json\/wp\/v2\/pages\/1579\/revisions"}],"predecessor-version":[{"id":1700,"href":"https:\/\/www.jsitelecom.com\/es\/wp-json\/wp\/v2\/pages\/1579\/revisions\/1700"}],"wp:attachment":[{"href":"https:\/\/www.jsitelecom.com\/es\/wp-json\/wp\/v2\/media?parent=1579"}],"curies":[{"name":"wp","href":"https:\/\/api.w.org\/{rel}","templated":true}]}}