{"id":1608,"date":"2022-12-16T13:47:17","date_gmt":"2022-12-16T18:47:17","guid":{"rendered":"https:\/\/www.jsitelecom.com\/datenschutzrichtlinie\/"},"modified":"2025-06-25T09:16:13","modified_gmt":"2025-06-25T13:16:13","slug":"datenschutzrichtlinie","status":"publish","type":"page","link":"https:\/\/www.jsitelecom.com\/de\/datenschutzrichtlinie\/","title":{"rendered":"Datenschutzrichtlinie"},"content":{"rendered":"<p>Diese Datenschutzrichtlinie (\u201eDatenschutzrichtlinie\u201c) legt fest, wie die JSI Group, Jatom Systems Inc. und ihre Tochtergesellschaften (\u201eJSI\u201c) Ihre personenbezogenen Daten erfassen, verwenden und sch\u00fctzen.<\/p>\n<p>Ihre Nutzung dieser Website einschlie\u00dflich aller darin enthaltenen jsitelecom.com-Webseiten (\u201eWebsite\u201c) unterliegt bestimmten Nutzungsbedingungen, denen Sie zustimmen sollten.<\/p>\n<h2>Erfassung und Nutzung personenbezogener Daten<\/h2>\n<p>Sie k\u00f6nnen diese Website ansehen und nutzen, ohne pers\u00f6nliche Informationen preiszugeben. JSI erh\u00e4lt keine personenbezogenen Daten \u00fcber Sie, es sei denn, Sie stellen uns diese Informationen freiwillig zur Verf\u00fcgung, indem Sie uns \u00fcber eines der auf der Website bereitgestellten Formulare, E-Mail-Adressen oder Telefonnummern kontaktieren. Vorbehaltlich der Nutzungsbedingungen verwenden wir personenbezogene Daten, die von Ihnen freiwillig bereitgestellt werden, nur f\u00fcr die begrenzten Zwecke, f\u00fcr die Sie zur Verf\u00fcgung gestellt haben oder denen Sie zugestimmt haben. Dar\u00fcber hinaus speichert JSI keine spezifischen personenbezogenen Daten wie Name, Telefonnummer und E-Mail-Adresse in irgendeiner Art von Datenbank, Abonnentenliste, Kontaktliste oder \u00c4hnlichem, es sei denn, wir unterhalten eine Gesch\u00e4ftsbeziehung mit Ihnen und m\u00fcssen diese Informationen f\u00fcr gesch\u00e4ftliche Zwecke aufbewahren. F\u00fcr Personen, mit denen JSI eine Gesch\u00e4ftsbeziehung unterh\u00e4lt, wird JSI keine pers\u00f6nlichen Daten an Dritte weitergeben, vermieten oder verkaufen, es sei denn, wir sind gesetzlich dazu verpflichtet.<\/p>\n<p>JSI beh\u00e4lt sich das Recht vor, statistische Analysen der Website nur f\u00fcr interne Zwecke durchzuf\u00fchren, indem protokollierte IP-Adressen von Besuchern der Website anonym und aggregiert verwendet werden (IP-Adressen sind nicht mit personenbezogenen Daten verkn\u00fcpft), um das Interesse an der Website und deren Nutzung zu messen.<\/p>\n<h2>Cookies<\/h2>\n<p>Cookies sind kleine Textdateien, die Zahlen und Buchstaben enthalten und auf Ihrem Computer oder Ger\u00e4t gespeichert werden. Cookies werden gesetzt, wenn Sie eine Website besuchen, die Cookies verwendet, und k\u00f6nnen z.\u00a0B. dazu dienen, die von Ihnen besuchten Seiten innerhalb der Website zu verfolgen oder Ihre Pr\u00e4ferenzen, wie z. B. die Spracheinstellungen, zu speichern.<\/p>\n<p>Die JSI-Website verwendet Cookies. Auf der Website k\u00f6nnen Sie w\u00e4hlen, ob Sie alle Cookies, nur die unbedingt notwendigen und\/oder Analytics-Cookies akzeptieren m\u00f6chten. Wenn keine Auswahl getroffen wird, bleibt das Fenster \u201eCookie Notification\u201c (Cookie-Benachrichtigung) so lange aktiv, bis Sie ausw\u00e4hlen, welche Stufe von Cookies wir verwenden d\u00fcrfen.<\/p>\n<h2>Unbedingt notwendige Cookies<\/h2>\n<p>Diese Cookies sind f\u00fcr die ordnungsgem\u00e4\u00dfe Funktion unserer Website erforderlich und k\u00f6nnen in unseren Systemen nicht deaktiviert werden.<br \/>\nSie werden in der Regel nur als Reaktion auf Ihre Handlungen gesetzt, die einer Anforderung von Diensten gleichkommen, wie z. B. die Festlegung Ihrer Datenschutzpr\u00e4ferenzen, die Anmeldung oder das Ausf\u00fcllen von Formularen, oder wenn diese f\u00fcr die Bereitstellung einer von Ihnen angeforderten Dienstleistung unerl\u00e4sslich sind. Sie k\u00f6nnen diese Cookies nicht ablehnen. Sie k\u00f6nnen Ihren Browser so einstellen, dass er diese Cookies blockiert oder Sie dar\u00fcber informiert. In diesem Fall werden einige Teile der Website nicht funktionieren. Diese Cookies speichern keine Daten, mit denen sich Personen identifizieren lassen.<\/p>\n<h2>Alle Cookies<\/h2>\n<p>Um die Effektivit\u00e4t der JSI-Website zu \u00fcberwachen, verwendet JSI Google Analytics f\u00fcr seine Cookie-Services. Durch die Zulassung aller Cookies, zus\u00e4tzlich zu den Funktionen, die durch die unbedingt erforderlichen Cookies bereitgestellt werden, erm\u00f6glichen uns andere Cookies wie Betriebs- und Performance-Cookies die Durchf\u00fchrung von Webanalysen und die Z\u00e4hlung von Besuchen und Datenverkehrsquellen, sodass wir die Performance unserer Website messen und verbessern k\u00f6nnen. Sie helfen uns herauszufinden, welche Webseiten am beliebtesten und am wenigsten beliebt sind, und zu sehen, wie sich Besucher auf der Website bewegen. Die von diesen Cookies gesammelten Informationen werden aggregiert, und es werden keine personenbezogenen Daten erfasst oder gespeichert, da das letzte Oktett Ihrer IP-Adresse ausgeblendet ist und die Einstellung f\u00fcr die Datenfreigabe deaktiviert wurde.<\/p>\n<h2>Analytics-Cookies<\/h2>\n<p>Diese Cookies erm\u00f6glichen es uns, Besuche und Datenverkehrsquellen zu z\u00e4hlen, damit wir die Performance unserer Website messen und verbessern k\u00f6nnen. Sie helfen uns herauszufinden, welche Seiten am beliebtesten und am wenigsten beliebt sind, und zu sehen, wie sich Besucher auf der Website bewegen. Alle von diesen Cookies gesammelten Informationen sind aggregiert und daher anonym. Wenn Sie diese Cookies nicht zulassen, k\u00f6nnen wir Ihre Daten nicht auf diese Weise verwenden.<\/p>\n<h2>\u00c4nderungen der Datenschutzrichtlinie<\/h2>\n<p>JSI beh\u00e4lt sich das Recht vor, diese Datenschutzrichtlinie jederzeit zu \u00e4ndern, indem es \u00c4nderungen auf dieser Seite der Website bekannt gibt. Diese \u00c4nderungen werden sofort wirksam. Durch die Nutzung der Website erkennen Sie die Datenschutzrichtlinie an und erkl\u00e4ren sich damit einverstanden, die Datenschutzrichtlinie einzuhalten und daran gebunden zu sein. Diese Datenschutzrichtlinie wurde zuletzt im M\u00e4rz 2025 aktualisiert.<\/p>\n<p>Wenn Sie Fragen zu dieser Datenschutzrichtlinie oder den Datenschutzpraktiken von JSI in Bezug auf diese Website haben, wenden Sie sich bitte an <a href=\"mailto:info@jsitelecom.com\">info@jsitelecom.com<\/a>.<\/p>\n<p>&nbsp;<\/p>\n","protected":false},"excerpt":{"rendered":"<p>Diese Datenschutzrichtlinie (\u201eDatenschutzrichtlinie\u201c) legt fest, wie die JSI Group, Jatom Systems Inc. und ihre Tochtergesellschaften (\u201eJSI\u201c) Ihre personenbezogenen Daten erfassen, verwenden und sch\u00fctzen. Ihre Nutzung dieser Website einschlie\u00dflich aller darin enthaltenen jsitelecom.com-Webseiten (\u201eWebsite\u201c) unterliegt bestimmten Nutzungsbedingungen, denen Sie zustimmen sollten. Erfassung und Nutzung personenbezogener Daten Sie k\u00f6nnen diese Website ansehen und nutzen, ohne pers\u00f6nliche Informationen [&hellip;]<\/p>\n","protected":false},"author":1,"featured_media":0,"parent":0,"menu_order":0,"comment_status":"closed","ping_status":"closed","template":"page-legal.php","meta":{"_acf_changed":false,"content-type":"","footnotes":""},"class_list":["post-1608","page","type-page","status-publish","hentry"],"acf":[],"yoast_head":"<!-- This site is optimized with the Yoast SEO plugin v27.2 - https:\/\/yoast.com\/product\/yoast-seo-wordpress\/ -->\n<title>Datenschutzrichtlinie - JSI<\/title>\n<meta name=\"description\" content=\"Ihre Privatsph\u00e4re ist uns wichtig. Erfahren Sie, wie wir Ihre pers\u00f6nlichen Daten mit den Datenschutzrichtlinien unserer Website sch\u00fctzen.\" \/>\n<meta name=\"robots\" content=\"index, follow, max-snippet:-1, max-image-preview:large, max-video-preview:-1\" \/>\n<link rel=\"canonical\" href=\"https:\/\/www.jsitelecom.com\/jsi-privacy-policy\/\" \/>\n<meta property=\"og:locale\" content=\"de_DE\" \/>\n<meta property=\"og:type\" content=\"article\" \/>\n<meta property=\"og:title\" content=\"Datenschutzrichtlinie - JSI\" \/>\n<meta property=\"og:description\" content=\"Ihre Privatsph\u00e4re ist uns wichtig. Erfahren Sie, wie wir Ihre pers\u00f6nlichen Daten mit den Datenschutzrichtlinien unserer Website sch\u00fctzen.\" \/>\n<meta property=\"og:url\" content=\"https:\/\/www.jsitelecom.com\/jsi-privacy-policy\/\" \/>\n<meta property=\"og:site_name\" content=\"JSI\" \/>\n<meta property=\"article:modified_time\" content=\"2025-06-25T13:16:13+00:00\" \/>\n<meta name=\"twitter:card\" content=\"summary_large_image\" \/>\n<meta name=\"twitter:label1\" content=\"Est. reading time\" \/>\n\t<meta name=\"twitter:data1\" content=\"4 minutes\" \/>\n<script type=\"application\/ld+json\" class=\"yoast-schema-graph\">{\"@context\":\"https:\/\/schema.org\",\"@graph\":[{\"@type\":\"WebPage\",\"@id\":\"https:\/\/www.jsitelecom.com\/jsi-privacy-policy\/\",\"url\":\"https:\/\/www.jsitelecom.com\/jsi-privacy-policy\/\",\"name\":\"Datenschutzrichtlinie - JSI\",\"isPartOf\":{\"@id\":\"https:\/\/www.jsitelecom.com\/#website\"},\"datePublished\":\"2022-12-16T18:47:17+00:00\",\"dateModified\":\"2025-06-25T13:16:13+00:00\",\"description\":\"Ihre Privatsph\u00e4re ist uns wichtig. Erfahren Sie, wie wir Ihre pers\u00f6nlichen Daten mit den Datenschutzrichtlinien unserer Website sch\u00fctzen.\",\"breadcrumb\":{\"@id\":\"https:\/\/www.jsitelecom.com\/jsi-privacy-policy\/#breadcrumb\"},\"inLanguage\":\"de-DE\",\"potentialAction\":[{\"@type\":\"ReadAction\",\"target\":[\"https:\/\/www.jsitelecom.com\/jsi-privacy-policy\/\"]}]},{\"@type\":\"BreadcrumbList\",\"@id\":\"https:\/\/www.jsitelecom.com\/jsi-privacy-policy\/#breadcrumb\",\"itemListElement\":[{\"@type\":\"ListItem\",\"position\":1,\"name\":\"Home\",\"item\":\"https:\/\/www.jsitelecom.com\/de\/\"},{\"@type\":\"ListItem\",\"position\":2,\"name\":\"Datenschutzrichtlinie\"}]},{\"@type\":\"WebSite\",\"@id\":\"https:\/\/www.jsitelecom.com\/#website\",\"url\":\"https:\/\/www.jsitelecom.com\/\",\"name\":\"JSI\",\"description\":\"Critical Insight When it Matters\",\"potentialAction\":[{\"@type\":\"SearchAction\",\"target\":{\"@type\":\"EntryPoint\",\"urlTemplate\":\"https:\/\/www.jsitelecom.com\/?s={search_term_string}\"},\"query-input\":{\"@type\":\"PropertyValueSpecification\",\"valueRequired\":true,\"valueName\":\"search_term_string\"}}],\"inLanguage\":\"de-DE\"}]}<\/script>\n<!-- \/ Yoast SEO plugin. -->","yoast_head_json":{"title":"Datenschutzrichtlinie - JSI","description":"Ihre Privatsph\u00e4re ist uns wichtig. Erfahren Sie, wie wir Ihre pers\u00f6nlichen Daten mit den Datenschutzrichtlinien unserer Website sch\u00fctzen.","robots":{"index":"index","follow":"follow","max-snippet":"max-snippet:-1","max-image-preview":"max-image-preview:large","max-video-preview":"max-video-preview:-1"},"canonical":"https:\/\/www.jsitelecom.com\/jsi-privacy-policy\/","og_locale":"de_DE","og_type":"article","og_title":"Datenschutzrichtlinie - JSI","og_description":"Ihre Privatsph\u00e4re ist uns wichtig. Erfahren Sie, wie wir Ihre pers\u00f6nlichen Daten mit den Datenschutzrichtlinien unserer Website sch\u00fctzen.","og_url":"https:\/\/www.jsitelecom.com\/jsi-privacy-policy\/","og_site_name":"JSI","article_modified_time":"2025-06-25T13:16:13+00:00","twitter_card":"summary_large_image","twitter_misc":{"Est. reading time":"4 minutes"},"schema":{"@context":"https:\/\/schema.org","@graph":[{"@type":"WebPage","@id":"https:\/\/www.jsitelecom.com\/jsi-privacy-policy\/","url":"https:\/\/www.jsitelecom.com\/jsi-privacy-policy\/","name":"Datenschutzrichtlinie - JSI","isPartOf":{"@id":"https:\/\/www.jsitelecom.com\/#website"},"datePublished":"2022-12-16T18:47:17+00:00","dateModified":"2025-06-25T13:16:13+00:00","description":"Ihre Privatsph\u00e4re ist uns wichtig. Erfahren Sie, wie wir Ihre pers\u00f6nlichen Daten mit den Datenschutzrichtlinien unserer Website sch\u00fctzen.","breadcrumb":{"@id":"https:\/\/www.jsitelecom.com\/jsi-privacy-policy\/#breadcrumb"},"inLanguage":"de-DE","potentialAction":[{"@type":"ReadAction","target":["https:\/\/www.jsitelecom.com\/jsi-privacy-policy\/"]}]},{"@type":"BreadcrumbList","@id":"https:\/\/www.jsitelecom.com\/jsi-privacy-policy\/#breadcrumb","itemListElement":[{"@type":"ListItem","position":1,"name":"Home","item":"https:\/\/www.jsitelecom.com\/de\/"},{"@type":"ListItem","position":2,"name":"Datenschutzrichtlinie"}]},{"@type":"WebSite","@id":"https:\/\/www.jsitelecom.com\/#website","url":"https:\/\/www.jsitelecom.com\/","name":"JSI","description":"Critical Insight When it Matters","potentialAction":[{"@type":"SearchAction","target":{"@type":"EntryPoint","urlTemplate":"https:\/\/www.jsitelecom.com\/?s={search_term_string}"},"query-input":{"@type":"PropertyValueSpecification","valueRequired":true,"valueName":"search_term_string"}}],"inLanguage":"de-DE"}]}},"_links":{"self":[{"href":"https:\/\/www.jsitelecom.com\/de\/wp-json\/wp\/v2\/pages\/1608","targetHints":{"allow":["GET"]}}],"collection":[{"href":"https:\/\/www.jsitelecom.com\/de\/wp-json\/wp\/v2\/pages"}],"about":[{"href":"https:\/\/www.jsitelecom.com\/de\/wp-json\/wp\/v2\/types\/page"}],"author":[{"embeddable":true,"href":"https:\/\/www.jsitelecom.com\/de\/wp-json\/wp\/v2\/users\/1"}],"replies":[{"embeddable":true,"href":"https:\/\/www.jsitelecom.com\/de\/wp-json\/wp\/v2\/comments?post=1608"}],"version-history":[{"count":3,"href":"https:\/\/www.jsitelecom.com\/de\/wp-json\/wp\/v2\/pages\/1608\/revisions"}],"predecessor-version":[{"id":3380,"href":"https:\/\/www.jsitelecom.com\/de\/wp-json\/wp\/v2\/pages\/1608\/revisions\/3380"}],"wp:attachment":[{"href":"https:\/\/www.jsitelecom.com\/de\/wp-json\/wp\/v2\/media?parent=1608"}],"curies":[{"name":"wp","href":"https:\/\/api.w.org\/{rel}","templated":true}]}}