{"id":1606,"date":"2022-12-22T22:30:45","date_gmt":"2022-12-23T03:30:45","guid":{"rendered":"https:\/\/www.jsitelecom.com\/startseite\/"},"modified":"2026-03-27T11:45:38","modified_gmt":"2026-03-27T15:45:38","slug":"startseite","status":"publish","type":"page","link":"https:\/\/www.jsitelecom.com\/de\/","title":{"rendered":"Startseite"},"content":{"rendered":"","protected":false},"excerpt":{"rendered":"","protected":false},"author":1,"featured_media":0,"parent":0,"menu_order":0,"comment_status":"closed","ping_status":"closed","template":"","meta":{"_acf_changed":false,"content-type":"","footnotes":""},"class_list":["post-1606","page","type-page","status-publish","hentry"],"acf":[],"yoast_head":"<!-- This site is optimized with the Yoast SEO plugin v27.2 - https:\/\/yoast.com\/product\/yoast-seo-wordpress\/ -->\n<title>Gesetzeskonformer Nachrichtendienst + Analysen f\u00fcr Strafverfolgung + Sicherheit - JSI<\/title>\n<meta name=\"description\" content=\"Branchenf\u00fchrender gesetzeskonformer Nachrichtendienst und KI-gest\u00fctzte Datenfusion + Analyse f\u00fcr Strafverfolgung, Nachrichtendienste und Sicherheit. JSI sch\u00fctzt, was wichtig ist.\" \/>\n<meta name=\"robots\" content=\"index, follow, max-snippet:-1, max-image-preview:large, max-video-preview:-1\" \/>\n<link rel=\"canonical\" href=\"https:\/\/www.jsitelecom.com\/de\/\" \/>\n<meta property=\"og:locale\" content=\"de_DE\" \/>\n<meta property=\"og:type\" content=\"article\" \/>\n<meta property=\"og:title\" content=\"Gesetzeskonformer Nachrichtendienst + Analysen f\u00fcr Strafverfolgung + Sicherheit - JSI\" \/>\n<meta property=\"og:description\" content=\"Branchenf\u00fchrender gesetzeskonformer Nachrichtendienst und KI-gest\u00fctzte Datenfusion + Analyse f\u00fcr Strafverfolgung, Nachrichtendienste und Sicherheit. JSI sch\u00fctzt, was wichtig ist.\" \/>\n<meta property=\"og:url\" content=\"https:\/\/www.jsitelecom.com\/de\/\" \/>\n<meta property=\"og:site_name\" content=\"JSI\" \/>\n<meta property=\"article:modified_time\" content=\"2026-03-27T15:45:38+00:00\" \/>\n<meta name=\"twitter:card\" content=\"summary_large_image\" \/>\n<script type=\"application\/ld+json\" class=\"yoast-schema-graph\">{\"@context\":\"https:\/\/schema.org\",\"@graph\":[{\"@type\":\"WebPage\",\"@id\":\"https:\/\/www.jsitelecom.com\/de\/\",\"url\":\"https:\/\/www.jsitelecom.com\/de\/\",\"name\":\"Gesetzeskonformer Nachrichtendienst + Analysen f\u00fcr Strafverfolgung + Sicherheit - JSI\",\"isPartOf\":{\"@id\":\"https:\/\/www.jsitelecom.com\/#website\"},\"datePublished\":\"2022-12-23T03:30:45+00:00\",\"dateModified\":\"2026-03-27T15:45:38+00:00\",\"description\":\"Branchenf\u00fchrender gesetzeskonformer Nachrichtendienst und KI-gest\u00fctzte Datenfusion + Analyse f\u00fcr Strafverfolgung, Nachrichtendienste und Sicherheit. JSI sch\u00fctzt, was wichtig ist.\",\"breadcrumb\":{\"@id\":\"https:\/\/www.jsitelecom.com\/de\/#breadcrumb\"},\"inLanguage\":\"de-DE\",\"potentialAction\":[{\"@type\":\"ReadAction\",\"target\":[\"https:\/\/www.jsitelecom.com\/de\/\"]}]},{\"@type\":\"BreadcrumbList\",\"@id\":\"https:\/\/www.jsitelecom.com\/de\/#breadcrumb\",\"itemListElement\":[{\"@type\":\"ListItem\",\"position\":1,\"name\":\"Home\",\"item\":\"https:\/\/www.jsitelecom.com\/de\/\"},{\"@type\":\"ListItem\",\"position\":2,\"name\":\"Startseite\"}]},{\"@type\":\"WebSite\",\"@id\":\"https:\/\/www.jsitelecom.com\/#website\",\"url\":\"https:\/\/www.jsitelecom.com\/\",\"name\":\"JSI\",\"description\":\"Critical Insight When it Matters\",\"potentialAction\":[{\"@type\":\"SearchAction\",\"target\":{\"@type\":\"EntryPoint\",\"urlTemplate\":\"https:\/\/www.jsitelecom.com\/?s={search_term_string}\"},\"query-input\":{\"@type\":\"PropertyValueSpecification\",\"valueRequired\":true,\"valueName\":\"search_term_string\"}}],\"inLanguage\":\"de-DE\"}]}<\/script>\n<!-- \/ Yoast SEO plugin. -->","yoast_head_json":{"title":"Gesetzeskonformer Nachrichtendienst + Analysen f\u00fcr Strafverfolgung + Sicherheit - JSI","description":"Branchenf\u00fchrender gesetzeskonformer Nachrichtendienst und KI-gest\u00fctzte Datenfusion + Analyse f\u00fcr Strafverfolgung, Nachrichtendienste und Sicherheit. JSI sch\u00fctzt, was wichtig ist.","robots":{"index":"index","follow":"follow","max-snippet":"max-snippet:-1","max-image-preview":"max-image-preview:large","max-video-preview":"max-video-preview:-1"},"canonical":"https:\/\/www.jsitelecom.com\/de\/","og_locale":"de_DE","og_type":"article","og_title":"Gesetzeskonformer Nachrichtendienst + Analysen f\u00fcr Strafverfolgung + Sicherheit - JSI","og_description":"Branchenf\u00fchrender gesetzeskonformer Nachrichtendienst und KI-gest\u00fctzte Datenfusion + Analyse f\u00fcr Strafverfolgung, Nachrichtendienste und Sicherheit. JSI sch\u00fctzt, was wichtig ist.","og_url":"https:\/\/www.jsitelecom.com\/de\/","og_site_name":"JSI","article_modified_time":"2026-03-27T15:45:38+00:00","twitter_card":"summary_large_image","schema":{"@context":"https:\/\/schema.org","@graph":[{"@type":"WebPage","@id":"https:\/\/www.jsitelecom.com\/de\/","url":"https:\/\/www.jsitelecom.com\/de\/","name":"Gesetzeskonformer Nachrichtendienst + Analysen f\u00fcr Strafverfolgung + Sicherheit - JSI","isPartOf":{"@id":"https:\/\/www.jsitelecom.com\/#website"},"datePublished":"2022-12-23T03:30:45+00:00","dateModified":"2026-03-27T15:45:38+00:00","description":"Branchenf\u00fchrender gesetzeskonformer Nachrichtendienst und KI-gest\u00fctzte Datenfusion + Analyse f\u00fcr Strafverfolgung, Nachrichtendienste und Sicherheit. JSI sch\u00fctzt, was wichtig ist.","breadcrumb":{"@id":"https:\/\/www.jsitelecom.com\/de\/#breadcrumb"},"inLanguage":"de-DE","potentialAction":[{"@type":"ReadAction","target":["https:\/\/www.jsitelecom.com\/de\/"]}]},{"@type":"BreadcrumbList","@id":"https:\/\/www.jsitelecom.com\/de\/#breadcrumb","itemListElement":[{"@type":"ListItem","position":1,"name":"Home","item":"https:\/\/www.jsitelecom.com\/de\/"},{"@type":"ListItem","position":2,"name":"Startseite"}]},{"@type":"WebSite","@id":"https:\/\/www.jsitelecom.com\/#website","url":"https:\/\/www.jsitelecom.com\/","name":"JSI","description":"Critical Insight When it Matters","potentialAction":[{"@type":"SearchAction","target":{"@type":"EntryPoint","urlTemplate":"https:\/\/www.jsitelecom.com\/?s={search_term_string}"},"query-input":{"@type":"PropertyValueSpecification","valueRequired":true,"valueName":"search_term_string"}}],"inLanguage":"de-DE"}]}},"_links":{"self":[{"href":"https:\/\/www.jsitelecom.com\/de\/wp-json\/wp\/v2\/pages\/1606","targetHints":{"allow":["GET"]}}],"collection":[{"href":"https:\/\/www.jsitelecom.com\/de\/wp-json\/wp\/v2\/pages"}],"about":[{"href":"https:\/\/www.jsitelecom.com\/de\/wp-json\/wp\/v2\/types\/page"}],"author":[{"embeddable":true,"href":"https:\/\/www.jsitelecom.com\/de\/wp-json\/wp\/v2\/users\/1"}],"replies":[{"embeddable":true,"href":"https:\/\/www.jsitelecom.com\/de\/wp-json\/wp\/v2\/comments?post=1606"}],"version-history":[{"count":29,"href":"https:\/\/www.jsitelecom.com\/de\/wp-json\/wp\/v2\/pages\/1606\/revisions"}],"predecessor-version":[{"id":4371,"href":"https:\/\/www.jsitelecom.com\/de\/wp-json\/wp\/v2\/pages\/1606\/revisions\/4371"}],"wp:attachment":[{"href":"https:\/\/www.jsitelecom.com\/de\/wp-json\/wp\/v2\/media?parent=1606"}],"curies":[{"name":"wp","href":"https:\/\/api.w.org\/{rel}","templated":true}]}}