{"id":1598,"date":"2023-05-08T14:35:51","date_gmt":"2023-05-08T18:35:51","guid":{"rendered":"https:\/\/www.jsitelecom.com\/kontakt\/"},"modified":"2026-01-28T08:57:38","modified_gmt":"2026-01-28T13:57:38","slug":"kontakt","status":"publish","type":"page","link":"https:\/\/www.jsitelecom.com\/de\/kontakt\/","title":{"rendered":"Kontakt"},"content":{"rendered":"","protected":false},"excerpt":{"rendered":"","protected":false},"author":1,"featured_media":0,"parent":0,"menu_order":0,"comment_status":"closed","ping_status":"closed","template":"page-contact.php","meta":{"_acf_changed":false,"content-type":"","footnotes":""},"class_list":["post-1598","page","type-page","status-publish","hentry"],"acf":[],"yoast_head":"<!-- This site is optimized with the Yoast SEO plugin v27.2 - https:\/\/yoast.com\/product\/yoast-seo-wordpress\/ -->\n<title>Kontakt - JSI<\/title>\n<meta name=\"description\" content=\"Wenden Sie sich noch heute an JSI. Wenden Sie sich an unser Team, wenn Sie Unterst\u00fctzung ben\u00f6tigen, Fragen haben oder mehr \u00fcber unsere Produkte und Dienstleistungen erfahren m\u00f6chten. Wir sind bereit zu helfen.\" \/>\n<meta name=\"robots\" content=\"index, follow, max-snippet:-1, max-image-preview:large, max-video-preview:-1\" \/>\n<link rel=\"canonical\" href=\"https:\/\/www.jsitelecom.com\/contact-us\/\" \/>\n<meta property=\"og:locale\" content=\"de_DE\" \/>\n<meta property=\"og:type\" content=\"article\" \/>\n<meta property=\"og:title\" content=\"Kontakt - JSI\" \/>\n<meta property=\"og:description\" content=\"Wenden Sie sich noch heute an JSI. Wenden Sie sich an unser Team, wenn Sie Unterst\u00fctzung ben\u00f6tigen, Fragen haben oder mehr \u00fcber unsere Produkte und Dienstleistungen erfahren m\u00f6chten. Wir sind bereit zu helfen.\" \/>\n<meta property=\"og:url\" content=\"https:\/\/www.jsitelecom.com\/contact-us\/\" \/>\n<meta property=\"og:site_name\" content=\"JSI\" \/>\n<meta property=\"article:modified_time\" content=\"2026-01-28T13:57:38+00:00\" \/>\n<meta name=\"twitter:card\" content=\"summary_large_image\" \/>\n<script type=\"application\/ld+json\" class=\"yoast-schema-graph\">{\"@context\":\"https:\/\/schema.org\",\"@graph\":[{\"@type\":\"WebPage\",\"@id\":\"https:\/\/www.jsitelecom.com\/contact-us\/\",\"url\":\"https:\/\/www.jsitelecom.com\/contact-us\/\",\"name\":\"Kontakt - JSI\",\"isPartOf\":{\"@id\":\"https:\/\/www.jsitelecom.com\/#website\"},\"datePublished\":\"2023-05-08T18:35:51+00:00\",\"dateModified\":\"2026-01-28T13:57:38+00:00\",\"description\":\"Wenden Sie sich noch heute an JSI. Wenden Sie sich an unser Team, wenn Sie Unterst\u00fctzung ben\u00f6tigen, Fragen haben oder mehr \u00fcber unsere Produkte und Dienstleistungen erfahren m\u00f6chten. Wir sind bereit zu helfen.\",\"breadcrumb\":{\"@id\":\"https:\/\/www.jsitelecom.com\/contact-us\/#breadcrumb\"},\"inLanguage\":\"de-DE\",\"potentialAction\":[{\"@type\":\"ReadAction\",\"target\":[\"https:\/\/www.jsitelecom.com\/contact-us\/\"]}]},{\"@type\":\"BreadcrumbList\",\"@id\":\"https:\/\/www.jsitelecom.com\/contact-us\/#breadcrumb\",\"itemListElement\":[{\"@type\":\"ListItem\",\"position\":1,\"name\":\"Home\",\"item\":\"https:\/\/www.jsitelecom.com\/de\/\"},{\"@type\":\"ListItem\",\"position\":2,\"name\":\"Kontakt\"}]},{\"@type\":\"WebSite\",\"@id\":\"https:\/\/www.jsitelecom.com\/#website\",\"url\":\"https:\/\/www.jsitelecom.com\/\",\"name\":\"JSI\",\"description\":\"Critical Insight When it Matters\",\"potentialAction\":[{\"@type\":\"SearchAction\",\"target\":{\"@type\":\"EntryPoint\",\"urlTemplate\":\"https:\/\/www.jsitelecom.com\/?s={search_term_string}\"},\"query-input\":{\"@type\":\"PropertyValueSpecification\",\"valueRequired\":true,\"valueName\":\"search_term_string\"}}],\"inLanguage\":\"de-DE\"}]}<\/script>\n<!-- \/ Yoast SEO plugin. -->","yoast_head_json":{"title":"Kontakt - JSI","description":"Wenden Sie sich noch heute an JSI. Wenden Sie sich an unser Team, wenn Sie Unterst\u00fctzung ben\u00f6tigen, Fragen haben oder mehr \u00fcber unsere Produkte und Dienstleistungen erfahren m\u00f6chten. Wir sind bereit zu helfen.","robots":{"index":"index","follow":"follow","max-snippet":"max-snippet:-1","max-image-preview":"max-image-preview:large","max-video-preview":"max-video-preview:-1"},"canonical":"https:\/\/www.jsitelecom.com\/contact-us\/","og_locale":"de_DE","og_type":"article","og_title":"Kontakt - JSI","og_description":"Wenden Sie sich noch heute an JSI. Wenden Sie sich an unser Team, wenn Sie Unterst\u00fctzung ben\u00f6tigen, Fragen haben oder mehr \u00fcber unsere Produkte und Dienstleistungen erfahren m\u00f6chten. Wir sind bereit zu helfen.","og_url":"https:\/\/www.jsitelecom.com\/contact-us\/","og_site_name":"JSI","article_modified_time":"2026-01-28T13:57:38+00:00","twitter_card":"summary_large_image","schema":{"@context":"https:\/\/schema.org","@graph":[{"@type":"WebPage","@id":"https:\/\/www.jsitelecom.com\/contact-us\/","url":"https:\/\/www.jsitelecom.com\/contact-us\/","name":"Kontakt - JSI","isPartOf":{"@id":"https:\/\/www.jsitelecom.com\/#website"},"datePublished":"2023-05-08T18:35:51+00:00","dateModified":"2026-01-28T13:57:38+00:00","description":"Wenden Sie sich noch heute an JSI. Wenden Sie sich an unser Team, wenn Sie Unterst\u00fctzung ben\u00f6tigen, Fragen haben oder mehr \u00fcber unsere Produkte und Dienstleistungen erfahren m\u00f6chten. Wir sind bereit zu helfen.","breadcrumb":{"@id":"https:\/\/www.jsitelecom.com\/contact-us\/#breadcrumb"},"inLanguage":"de-DE","potentialAction":[{"@type":"ReadAction","target":["https:\/\/www.jsitelecom.com\/contact-us\/"]}]},{"@type":"BreadcrumbList","@id":"https:\/\/www.jsitelecom.com\/contact-us\/#breadcrumb","itemListElement":[{"@type":"ListItem","position":1,"name":"Home","item":"https:\/\/www.jsitelecom.com\/de\/"},{"@type":"ListItem","position":2,"name":"Kontakt"}]},{"@type":"WebSite","@id":"https:\/\/www.jsitelecom.com\/#website","url":"https:\/\/www.jsitelecom.com\/","name":"JSI","description":"Critical Insight When it Matters","potentialAction":[{"@type":"SearchAction","target":{"@type":"EntryPoint","urlTemplate":"https:\/\/www.jsitelecom.com\/?s={search_term_string}"},"query-input":{"@type":"PropertyValueSpecification","valueRequired":true,"valueName":"search_term_string"}}],"inLanguage":"de-DE"}]}},"_links":{"self":[{"href":"https:\/\/www.jsitelecom.com\/de\/wp-json\/wp\/v2\/pages\/1598","targetHints":{"allow":["GET"]}}],"collection":[{"href":"https:\/\/www.jsitelecom.com\/de\/wp-json\/wp\/v2\/pages"}],"about":[{"href":"https:\/\/www.jsitelecom.com\/de\/wp-json\/wp\/v2\/types\/page"}],"author":[{"embeddable":true,"href":"https:\/\/www.jsitelecom.com\/de\/wp-json\/wp\/v2\/users\/1"}],"replies":[{"embeddable":true,"href":"https:\/\/www.jsitelecom.com\/de\/wp-json\/wp\/v2\/comments?post=1598"}],"version-history":[{"count":8,"href":"https:\/\/www.jsitelecom.com\/de\/wp-json\/wp\/v2\/pages\/1598\/revisions"}],"predecessor-version":[{"id":4119,"href":"https:\/\/www.jsitelecom.com\/de\/wp-json\/wp\/v2\/pages\/1598\/revisions\/4119"}],"wp:attachment":[{"href":"https:\/\/www.jsitelecom.com\/de\/wp-json\/wp\/v2\/media?parent=1598"}],"curies":[{"name":"wp","href":"https:\/\/api.w.org\/{rel}","templated":true}]}}