{"id":1584,"date":"2023-06-13T14:37:04","date_gmt":"2023-06-13T18:37:04","guid":{"rendered":"https:\/\/www.jsitelecom.com\/nutzungsbedingungen\/"},"modified":"2025-06-25T09:18:16","modified_gmt":"2025-06-25T13:18:16","slug":"nutzungsbedingungen","status":"publish","type":"page","link":"https:\/\/www.jsitelecom.com\/de\/nutzungsbedingungen\/","title":{"rendered":"Nutzungsbedingungen"},"content":{"rendered":"<p>Diese Website einschlie\u00dflich aller darin enthaltenen jsitelecom.com- und jsigroup.com-Webseiten (\u201eSite\u201c) ist urheberrechtlich gesch\u00fctzt 2025 JATOM SYSTEMS INC.<br \/>\nAlle Rechte vorbehalten.<\/p>\n<h2>Zu diesen Bedingungen<\/h2>\n<p>Diese Nutzungsbedingungen, wie sie hier auf dieser Webseite beschrieben werden (\u201eBedingungen\u201c), regeln die gesamte Nutzung der Website. Indem Sie auf die Website zugreifen, sie ansehen oder anderweitig nutzen, erkl\u00e4ren Sie sich mit den Bedingungen einverstanden. JSI beh\u00e4lt sich das Recht vor, diese Bedingungen von Zeit zu Zeit nach eigenem Ermessen durch Aktualisierung dieser Ver\u00f6ffentlichung zu \u00e4ndern. Sie sollten diese Seite der Website von Zeit zu Zeit besuchen, um die jeweils aktuellen Bedingungen zu \u00fcberpr\u00fcfen. Einige Bestimmungen dieser Bedingungen k\u00f6nnen durch ausdr\u00fccklich festgelegte rechtliche Hinweise oder Bedingungen, die sich auf bestimmten Seiten der Website befinden, erg\u00e4nzt oder ersetzt werden.<\/p>\n<p>Die Website (mit Ausnahme aller verlinkten Sites) wird von JSI von seinen Niederlassungen in der Provinz Ontario, Kanada, kontrolliert. Durch den Zugriff auf die Website erkl\u00e4ren Sie und JSI sich damit einverstanden, dass alle Angelegenheiten im Zusammenhang mit Ihrem Zugriff auf die Website oder deren Nutzung sowie alle Streitigkeiten im Zusammenhang mit den Bedingungen den in der Provinz Ontario geltenden Statuten und Gesetzen sowie den dort geltenden Bundesgesetzen Kanadas unterliegen, und zwar ohne R\u00fccksicht auf kollisionsrechtliche Grunds\u00e4tze oder Regeln. Sie und JSI stimmen zu und unterwerfen sich hiermit der ausschlie\u00dflichen Gerichtsbarkeit und dem Gerichtsstand der Gerichte in der Provinz Ontario in Bezug auf solche Angelegenheiten.<\/p>\n<p>Wenn eine Bestimmung (oder ein Teil einer Bestimmung) dieser Bedingungen von einem zust\u00e4ndigen Gericht f\u00fcr ung\u00fcltig, rechtswidrig oder nicht durchsetzbar befunden wird, so gilt diese Bestimmung oder Teilbestimmung im erforderlichen Umfang entweder als gestrichen oder wird so weit abge\u00e4ndert, dass sie rechtm\u00e4\u00dfig, g\u00fcltig und durchsetzbar ist. Die Durchsetzbarkeit der \u00fcbrigen Bestimmungen bleibt davon unber\u00fchrt und bleibt in vollem Umfang in Kraft.<\/p>\n<h2>Eigentumsrecht und Inhalt der Website<\/h2>\n<p>Die Website enth\u00e4lt Inhalte, die Eigentum von JSI sind, lizenziert sind und\/oder von JSI betrieben werden und durch Urheberrechte, Marken, Gesch\u00e4ftsgeheimnisse und\/oder andere Gesetze zum Schutz des geistigen Eigentums und vertraglicher Bestimmungen (\u201eInhalte\u201c) gesch\u00fctzt sind. JSI oder seine Lizenzgeber behalten alle Rechte, Titel und Privilegien in Bezug auf diese Inhalte. JSI gew\u00e4hrt Ihnen ein eingeschr\u00e4nktes und widerrufliches Recht, die Website und die Inhalte ausschlie\u00dflich f\u00fcr Ihre interne und pers\u00f6nliche Nutzung anzuzeigen, vorausgesetzt, dass Sie bei der Anzeige der Website alle Bedingungen einhalten.<\/p>\n<p>Inhalte auf dieser Website d\u00fcrfen ohne vorherige schriftliche Genehmigung von JSI nicht vervielf\u00e4ltigt, modifiziert oder in irgendeiner Form oder mit irgendwelchen Mitteln ver\u00e4ndert werden.<\/p>\n<h2>Ihre Nutzung der Website<\/h2>\n<p>Wenn Sie auf die Website zugreifen, sie ansehen oder anderweitig nutzen, erkl\u00e4ren Sie sich damit einverstanden, folgendes selbst nicht zu tun oder andere dazu zu ermutigen oder ihnen zu gestatten:<\/p>\n<ul>\n<li>Inhalte zu versenden, anzuzeigen oder weiterzugeben, die ungesetzlich, obsz\u00f6n, vulg\u00e4r, beleidigend, unz\u00fcchtig, profan, diffamierend, bel\u00e4stigend, sch\u00e4dlich, bedrohend, unerlaubt, verleumderisch, kinderpornografisch, in die Privatsph\u00e4re anderer eingreifend, hasserf\u00fcllt, rassisch, ethnisch oder anderweitig anst\u00f6\u00dfig sind;<\/li>\n<li>Inhalte zu versenden, anzuzeigen oder weiterzugeben, zu denen Sie aufgrund von Gesetzen oder vertraglichen oder treuh\u00e4nderischen Beziehungen nicht berechtigt sind;<\/li>\n<li>Inhalte zu versenden, anzuzeigen oder weiterzugeben, die Urheberrechte, Marken oder andere Rechte an geistigem Eigentum oder andere Eigentumsrechte nicht beachten oder verletzen;<\/li>\n<li>Zu versuchen, sich als eine andere Organisation oder Person auszugeben oder Ihre Zugeh\u00f6rigkeit zu dieser f\u00e4lschlicherweise darzustellen;<\/li>\n<li>Junk-E-Mails, Promotionen, Werbung, Spam, Kettenbriefe oder andere \u00e4hnliche unerw\u00fcnschte Nachrichten zu versenden oder zu verbreiten;<\/li>\n<li>Inhalte zu versenden oder weiterzugeben, die Softwareviren oder andere Computercodes, Dateien oder Programme enthalten, die dazu bestimmt sind, die Funktionalit\u00e4t von Computersoftware oder Netzwerkger\u00e4ten oder die Website anzugreifen, zu missbrauchen, abzufangen, zu unterbrechen, zu zerst\u00f6ren oder einzuschr\u00e4nken;<\/li>\n<li>Inhalte in einer Weise zu versenden oder weiterzugeben, die den Betrieb eines JSI-Servers oder -Netzwerks besch\u00e4digen, deaktivieren oder beeintr\u00e4chtigen k\u00f6nnte;<\/li>\n<li>Die Sicherheit der Website oder anderer JSI-Systeme, Ger\u00e4te, Netzwerke, Software, Ressourcen, Passw\u00f6rter und Konten zu st\u00f6ren oder zu beeintr\u00e4chtigen.<\/li>\n<\/ul>\n<h2>Ihre Kommunikation und Ihre Benutzerinhalte, die Sie an uns senden<\/h2>\n<p>JSI beansprucht keine Eigentumsrechte an Texten, Bildern, Dateien, Software, Urheberwerken, oder andere Materialien, die Sie uns per E-Mail senden oder anderweitig auf unserer Website bereitstellen (\u201eBenutzerinhalte\u201c). Alle Benutzerinhalte werden jedoch als nicht vertraulich und \u00f6ffentlich angesehen und betrachtet. Sie gew\u00e4hren JSI eine weltweite, uneingeschr\u00e4nkte, unbefristete, unentgeltliche, unterlizenzierbare, unwiderrufliche Lizenz zur uneingeschr\u00e4nkten Nutzung, Vervielf\u00e4ltigung, \u00f6ffentlichen Darstellung, \u00f6ffentlichen Auff\u00fchrung, \u00c4nderung, \u00dcbertragung und Verteilung Ihrer Benutzerinhalte, und Sie stimmen au\u00dferdem zu, dass JSI die in den Benutzerinhalten enthaltenen Ideen, Konzepte, Kenntnisse oder Techniken f\u00fcr beliebige Zwecke verwenden darf. Wir werden Ihren Namen jedoch nicht ver\u00f6ffentlichen oder anderweitig die Tatsache ver\u00f6ffentlichen, dass Sie Benutzerinhalte an uns \u00fcbermittelt haben, es sei denn:<br \/>\n(a) Sie erteilen uns die Erlaubnis dazu;<br \/>\n(b) wir benachrichtigen Sie zuerst, dass die von Ihnen an uns \u00fcbermittelten Benutzerinhalte ver\u00f6ffentlicht oder anderweitig mit Ihrem Namen darauf verwendet werden; oder<br \/>\n(c) wir sind gesetzlich dazu verpflichtet.<\/p>\n<p>Weitere Informationen dazu, wie JSI Ihre pers\u00f6nlichen Daten, wie z.\u00a0B. Ihren Namen und Ihre E-Mail-Adresse sch\u00fctzt, finden Sie in der <u>Datenschutzrichtlinie<\/u>.<\/p>\n<h2>Gew\u00e4hrleistungen, Haftungsausschl\u00fcsse und Haftungsbeschr\u00e4nkung<\/h2>\n<p>Nichts in diesen Bedingungen \u00fcbertr\u00e4gt stillschweigend, durch Rechtsverwirkung oder auf andere Weise eine Lizenz oder ein Recht an Betriebsgeheimnissen, Patenten, Marken, Urheberrechten oder anderen Rechten an geistigem Eigentum von JSI oder einer dritten Partei. Alle nicht ausdr\u00fccklich lizenzierten Rechte sind vorbehalten.<\/p>\n<p>JSI \u00fcbernimmt keine Verantwortung f\u00fcr Fehler oder Auslassungen auf der Website, im Inhalt oder in anderen Dokumenten, auf die von dieser Website aus verwiesen wird oder die mit dieser Website verlinkt sind.<\/p>\n<p>SIE VERSTEHEN UND STIMMEN AUSDR\u00dcCKLICH ZU, DASS DIE WEBSITE UND ALLE INHALTE AUF DER WEBSITE IM GR\u00d6\u1e9eTM\u00d6GLICHEN GESETZLICH ZUL\u00c4SSIGEN UMFANG OHNE M\u00c4NGEL UND OHNE JEGLICHE AUSDR\u00dcCKLICHE, STILLSCHWEIGENDE, GESETZLICHE ODER ANDERWEITIGE GARANTIEN ODER BEDINGUNGEN ZUR VERF\u00dcGUNG GESTELLT WERDEN, EINSCHLIE\u1e9eLICH ABER NICHT BESCHR\u00c4NKT AUF SOLCHE DER HANDELS\u00dcBLICHEN QUALIT\u00c4T, DER ZUFRIEDENSTELLENDEN QUALIT\u00c4T, MARKTG\u00c4NGIGKEIT, DER EIGNUNG F\u00dcR EINEN BESTIMMTEN ZWECK UND DER NICHTVERLETZUNG DRITTER ODER SOLCHE, DIE SICH AUS DEM HANDEL, DER NUTZUNG ODER DER HANDELSPRAXIS ERGEBEN.<\/p>\n<p>IN KEINEM FALL IST JSI HAFTBAR F\u00dcR BESONDERE, ZUF\u00c4LLIGE, INDIREKTE SCH\u00c4DEN, FOLGESCH\u00c4DEN ODER SCHADENSERSATZ MIT STRAFCHARAKTER, EINSCHLIE\u1e9eLICH, ABER NICHT BESCHR\u00c4NKT AUF SCH\u00c4DEN, DIE SICH AUS ENTGANGENEN GEWINNEN ODER EINNAHMEN, NUTZUNGSAUSF\u00c4LLEN ODER DATENVERLUSTEN ODER BESCH\u00c4DIGUNGEN ERGEBEN, DIE SICH AUS ODER IN VERBINDUNG MIT DER NUTZUNG ODER DER UNF\u00c4HIGKEIT ZUR NUTZUNG DIESER WEBSITE ODER DAMIT VERBUNDENER INHALTE ERGEBEN, ODER SCH\u00c4DEN, DIE SICH AUS DER NUTZUNG ODER DEM VERTRAUEN AUF DIE INFORMATIONEN AUF DER WEBSITE ERGEBEN, ODER SCH\u00c4DEN, DIE AUF EINER BELIEBIGEN HAFTUNGSTHEORIE BASIEREN, EINSCHLIE\u1e9eLICH VERTRAGSBRUCH ODER GARANTIE, FAHRL\u00c4SSIGKEIT ODER ANDERE UNERLAUBTE HANDLUNGEN, SELBST WENN JSI AUF DIE M\u00d6GLICHKEIT SOLCHER SCH\u00c4DEN HINGEWIESEN WURDE. EINIGE GERICHTSBARKEITEN LASSEN DEN AUSSCHLUSS ODER DIE BESCHR\u00c4NKUNG DER HAFTUNG F\u00dcR FOLGESCH\u00c4DEN, BEIL\u00c4UFIG ENTSTANDENE SCH\u00c4DEN ODER SCHADENSERSATZ MIT STRAFCHARAKTER NICHT ZU, SODASS DIE OBEN GENANNTEN BESCHR\u00c4NKUNGEN UND AUSSCHL\u00dcSSE M\u00d6GLICHERWEISE NICHT AUF SIE ZUTREFFEN.<\/p>\n<p>DIE NUTZUNG DIESER WEBSITE ERFOLGT AUF EIGENE GEFAHR.<\/p>\n<p>WENN SIE MIT EINEM TEIL DER WEBSITE ODER MIT EINER DIESER BEDINGUNGEN UNZUFRIEDEN SIND, BESTEHT IHR EINZIGES UND AUSSCHLIE\u1e9eLICHES RECHTSMITTEL DARIN, DIE NUTZUNG DER WEBSITE EINZUSTELLEN.<\/p>\n","protected":false},"excerpt":{"rendered":"<p>Diese Website einschlie\u00dflich aller darin enthaltenen jsitelecom.com- und jsigroup.com-Webseiten (\u201eSite\u201c) ist urheberrechtlich gesch\u00fctzt 2025 JATOM SYSTEMS INC. Alle Rechte vorbehalten. Zu diesen Bedingungen Diese Nutzungsbedingungen, wie sie hier auf dieser Webseite beschrieben werden (\u201eBedingungen\u201c), regeln die gesamte Nutzung der Website. Indem Sie auf die Website zugreifen, sie ansehen oder anderweitig nutzen, erkl\u00e4ren Sie sich mit [&hellip;]<\/p>\n","protected":false},"author":2,"featured_media":0,"parent":0,"menu_order":0,"comment_status":"closed","ping_status":"closed","template":"page-legal.php","meta":{"_acf_changed":false,"content-type":"","footnotes":""},"class_list":["post-1584","page","type-page","status-publish","hentry"],"acf":[],"yoast_head":"<!-- This site is optimized with the Yoast SEO plugin v27.2 - https:\/\/yoast.com\/product\/yoast-seo-wordpress\/ -->\n<title>Nutzungsbedingungen - JSI<\/title>\n<meta name=\"description\" content=\"Lesen Sie die Nutzungsbedingungen unserer Website und erfahren Sie mehr \u00fcber unsere Regeln und Richtlinien f\u00fcr ein sicheres Online-Erlebnis.\" \/>\n<meta name=\"robots\" content=\"index, follow, max-snippet:-1, max-image-preview:large, max-video-preview:-1\" \/>\n<link rel=\"canonical\" href=\"https:\/\/www.jsitelecom.com\/terms-of-use\/\" \/>\n<meta property=\"og:locale\" content=\"de_DE\" \/>\n<meta property=\"og:type\" content=\"article\" \/>\n<meta property=\"og:title\" content=\"Nutzungsbedingungen - JSI\" \/>\n<meta property=\"og:description\" content=\"Lesen Sie die Nutzungsbedingungen unserer Website und erfahren Sie mehr \u00fcber unsere Regeln und Richtlinien f\u00fcr ein sicheres Online-Erlebnis.\" \/>\n<meta property=\"og:url\" content=\"https:\/\/www.jsitelecom.com\/terms-of-use\/\" \/>\n<meta property=\"og:site_name\" content=\"JSI\" \/>\n<meta property=\"article:modified_time\" content=\"2025-06-25T13:18:16+00:00\" \/>\n<meta name=\"twitter:card\" content=\"summary_large_image\" \/>\n<meta name=\"twitter:label1\" content=\"Est. reading time\" \/>\n\t<meta name=\"twitter:data1\" content=\"5 minutes\" \/>\n<script type=\"application\/ld+json\" class=\"yoast-schema-graph\">{\"@context\":\"https:\/\/schema.org\",\"@graph\":[{\"@type\":\"WebPage\",\"@id\":\"https:\/\/www.jsitelecom.com\/terms-of-use\/\",\"url\":\"https:\/\/www.jsitelecom.com\/terms-of-use\/\",\"name\":\"Nutzungsbedingungen - JSI\",\"isPartOf\":{\"@id\":\"https:\/\/www.jsitelecom.com\/#website\"},\"datePublished\":\"2023-06-13T18:37:04+00:00\",\"dateModified\":\"2025-06-25T13:18:16+00:00\",\"description\":\"Lesen Sie die Nutzungsbedingungen unserer Website und erfahren Sie mehr \u00fcber unsere Regeln und Richtlinien f\u00fcr ein sicheres Online-Erlebnis.\",\"breadcrumb\":{\"@id\":\"https:\/\/www.jsitelecom.com\/terms-of-use\/#breadcrumb\"},\"inLanguage\":\"de-DE\",\"potentialAction\":[{\"@type\":\"ReadAction\",\"target\":[\"https:\/\/www.jsitelecom.com\/terms-of-use\/\"]}]},{\"@type\":\"BreadcrumbList\",\"@id\":\"https:\/\/www.jsitelecom.com\/terms-of-use\/#breadcrumb\",\"itemListElement\":[{\"@type\":\"ListItem\",\"position\":1,\"name\":\"Home\",\"item\":\"https:\/\/www.jsitelecom.com\/de\/\"},{\"@type\":\"ListItem\",\"position\":2,\"name\":\"Nutzungsbedingungen\"}]},{\"@type\":\"WebSite\",\"@id\":\"https:\/\/www.jsitelecom.com\/#website\",\"url\":\"https:\/\/www.jsitelecom.com\/\",\"name\":\"JSI\",\"description\":\"Critical Insight When it Matters\",\"potentialAction\":[{\"@type\":\"SearchAction\",\"target\":{\"@type\":\"EntryPoint\",\"urlTemplate\":\"https:\/\/www.jsitelecom.com\/?s={search_term_string}\"},\"query-input\":{\"@type\":\"PropertyValueSpecification\",\"valueRequired\":true,\"valueName\":\"search_term_string\"}}],\"inLanguage\":\"de-DE\"}]}<\/script>\n<!-- \/ Yoast SEO plugin. -->","yoast_head_json":{"title":"Nutzungsbedingungen - JSI","description":"Lesen Sie die Nutzungsbedingungen unserer Website und erfahren Sie mehr \u00fcber unsere Regeln und Richtlinien f\u00fcr ein sicheres Online-Erlebnis.","robots":{"index":"index","follow":"follow","max-snippet":"max-snippet:-1","max-image-preview":"max-image-preview:large","max-video-preview":"max-video-preview:-1"},"canonical":"https:\/\/www.jsitelecom.com\/terms-of-use\/","og_locale":"de_DE","og_type":"article","og_title":"Nutzungsbedingungen - JSI","og_description":"Lesen Sie die Nutzungsbedingungen unserer Website und erfahren Sie mehr \u00fcber unsere Regeln und Richtlinien f\u00fcr ein sicheres Online-Erlebnis.","og_url":"https:\/\/www.jsitelecom.com\/terms-of-use\/","og_site_name":"JSI","article_modified_time":"2025-06-25T13:18:16+00:00","twitter_card":"summary_large_image","twitter_misc":{"Est. reading time":"5 minutes"},"schema":{"@context":"https:\/\/schema.org","@graph":[{"@type":"WebPage","@id":"https:\/\/www.jsitelecom.com\/terms-of-use\/","url":"https:\/\/www.jsitelecom.com\/terms-of-use\/","name":"Nutzungsbedingungen - JSI","isPartOf":{"@id":"https:\/\/www.jsitelecom.com\/#website"},"datePublished":"2023-06-13T18:37:04+00:00","dateModified":"2025-06-25T13:18:16+00:00","description":"Lesen Sie die Nutzungsbedingungen unserer Website und erfahren Sie mehr \u00fcber unsere Regeln und Richtlinien f\u00fcr ein sicheres Online-Erlebnis.","breadcrumb":{"@id":"https:\/\/www.jsitelecom.com\/terms-of-use\/#breadcrumb"},"inLanguage":"de-DE","potentialAction":[{"@type":"ReadAction","target":["https:\/\/www.jsitelecom.com\/terms-of-use\/"]}]},{"@type":"BreadcrumbList","@id":"https:\/\/www.jsitelecom.com\/terms-of-use\/#breadcrumb","itemListElement":[{"@type":"ListItem","position":1,"name":"Home","item":"https:\/\/www.jsitelecom.com\/de\/"},{"@type":"ListItem","position":2,"name":"Nutzungsbedingungen"}]},{"@type":"WebSite","@id":"https:\/\/www.jsitelecom.com\/#website","url":"https:\/\/www.jsitelecom.com\/","name":"JSI","description":"Critical Insight When it Matters","potentialAction":[{"@type":"SearchAction","target":{"@type":"EntryPoint","urlTemplate":"https:\/\/www.jsitelecom.com\/?s={search_term_string}"},"query-input":{"@type":"PropertyValueSpecification","valueRequired":true,"valueName":"search_term_string"}}],"inLanguage":"de-DE"}]}},"_links":{"self":[{"href":"https:\/\/www.jsitelecom.com\/de\/wp-json\/wp\/v2\/pages\/1584","targetHints":{"allow":["GET"]}}],"collection":[{"href":"https:\/\/www.jsitelecom.com\/de\/wp-json\/wp\/v2\/pages"}],"about":[{"href":"https:\/\/www.jsitelecom.com\/de\/wp-json\/wp\/v2\/types\/page"}],"author":[{"embeddable":true,"href":"https:\/\/www.jsitelecom.com\/de\/wp-json\/wp\/v2\/users\/2"}],"replies":[{"embeddable":true,"href":"https:\/\/www.jsitelecom.com\/de\/wp-json\/wp\/v2\/comments?post=1584"}],"version-history":[{"count":3,"href":"https:\/\/www.jsitelecom.com\/de\/wp-json\/wp\/v2\/pages\/1584\/revisions"}],"predecessor-version":[{"id":3383,"href":"https:\/\/www.jsitelecom.com\/de\/wp-json\/wp\/v2\/pages\/1584\/revisions\/3383"}],"wp:attachment":[{"href":"https:\/\/www.jsitelecom.com\/de\/wp-json\/wp\/v2\/media?parent=1584"}],"curies":[{"name":"wp","href":"https:\/\/api.w.org\/{rel}","templated":true}]}}