{"id":1580,"date":"2023-06-14T19:00:03","date_gmt":"2023-06-14T19:00:03","guid":{"rendered":"https:\/\/www.jsitelecom.com\/richtlinien-zur-barrierefreiheit\/"},"modified":"2023-09-26T20:39:33","modified_gmt":"2023-09-26T20:39:33","slug":"richtlinien-zur-barrierefreiheit","status":"publish","type":"page","link":"https:\/\/www.jsitelecom.com\/de\/richtlinien-zur-barrierefreiheit\/","title":{"rendered":"Richtlinien zur Barrierefreiheit"},"content":{"rendered":"<p>JSI Telecom engagiert sich f\u00fcr die Bereitstellung von Waren und Dienstleistungen f\u00fcr Menschen mit Behinderungen in einer Weise, die den Grunds\u00e4tzen der W\u00fcrde, Unabh\u00e4ngigkeit, Integration und Chancengleichheit entspricht.<\/p>\n<p>Dar\u00fcber hinaus werden solche Waren und Dienstleistungen im Einklang mit Geist und Zweck aller geltenden Rechtsvorschriften bereitgestellt, einschlie\u00dflich des AODA, des Ontario Human Rights Code, des Occupational Health and Safety Act und des Ontario Building Code Act.<\/p>\n<p>Weicht diese Richtlinie vom Standard f\u00fcr Barrierefreiheit f\u00fcr den Kundenservice gem\u00e4\u00df dem Gesetz \u00fcber Barrierefreiheit f\u00fcr Ontarier mit Behinderungen (Accessibility for Ontarians with Disabilities Act, AODA) von 2005 ab, gilt der AODA-Standard.<\/p>\n<h2>Definitionen<\/h2>\n<hr \/>\n<h3>Behinderung:<\/h3>\n<p>Im Sinne dieser Richtlinie umfasst der Begriff \u201eBehinderung\u201c:<\/p>\n<ol>\n<li>Jeder Grad der k\u00f6rperlichen Behinderung, Gebrechlichkeit, Missbildung oder Entstellung, der durch K\u00f6rperverletzung, Geburtsfehler oder Krankheit verursacht wird und, ohne die Allgemeing\u00fcltigkeit des Vorstehenden einzuschr\u00e4nken, einschlie\u00dflich Diabetes mellitus, Epilepsie, Gehirnverletzung, L\u00e4hmung, Amputation, mangelnder k\u00f6rperlicher Koordination, Blindheit oder Sehbehinderung, Taubheit oder H\u00f6rbehinderung, Taubheit oder Sprachbeeintr\u00e4chtigung oder physisches Vertrauen auf einen Blindenhund oder ein anderes Tier oder auf einen Rollstuhl oder ein anderes Hilfsmittel oder -Ger\u00e4t,<\/li>\n<li>eine psychische Beeintr\u00e4chtigung oder eine Entwicklungsst\u00f6rung;<\/li>\n<li>eine Lernbehinderung oder eine St\u00f6rung in einem oder mehreren Prozessen, die zum Verstehen oder Verwenden von Symbolen oder gesprochener Sprache f\u00fchren;<\/li>\n<li>eine psychische St\u00f6rung; oder<\/li>\n<li>eine Verletzung oder Invalidit\u00e4t, f\u00fcr die Leistungen gem\u00e4\u00df dem Versicherungsplan geltend gemacht oder erhalten wurden, der gem\u00e4\u00df dem Workplace Safety and Insurance Act von 1997 festgelegt wurde.<\/li>\n<\/ol>\n<h3>Mitarbeiter:<\/h3>\n<p>F\u00fcr die Zwecke dieser Richtlinie bezieht sich der Begriff \u201eMitarbeiter\u201c auf jede Person, f\u00fcr die JSI Telecom L\u00f6hne oder ein Gehalt zahlt, die Kontrolle \u00fcber die ihr zugewiesene Arbeit hat und das Recht hat, die Einzelheiten ihrer Arbeit zu kontrollieren. Dazu geh\u00f6ren unter anderem:<\/p>\n<ol>\n<li>Vollzeitbesch\u00e4ftigte<\/li>\n<li>Teilzeitbesch\u00e4ftigte<\/li>\n<li>Saisonarbeitskr\u00e4fte<\/li>\n<li>Vertragsbedienstete<\/li>\n<\/ol>\n<h3>Assistenztier:<\/h3>\n<p>Im Sinne dieser Richtlinie ist ein Tier ein Servicetier f\u00fcr eine Person mit Behinderung:<\/p>\n<ul>\n<li>Wenn es ohne weiteres offensichtlich ist, dass das Tier von der Person aus Gr\u00fcnden ihrer Behinderung verwendet wird, oder<\/li>\n<li>wenn die Person ein Schreiben eines Arztes oder einer Krankenschwester vorlegt, in dem best\u00e4tigt wird, dass die Person das Tier aus Gr\u00fcnden der Behinderung ben\u00f6tigt.<\/li>\n<\/ul>\n<p>\u201eServicetier\u201c umfasst auch einen Blindenhund im Sinne des Blind Persons\u2019 Rights Act, Abschnitt 1.<\/p>\n<h3>Begleitperson:<\/h3>\n<p>Im Sinne dieser Richtlinie ist eine \u201eBegleitperson\u201c eine Person, die eine Person mit einer Behinderung begleitet, um bei der Kommunikation, der Mobilit\u00e4t, der pers\u00f6nlichen Pflege oder den medizinischen Bed\u00fcrfnissen oder beim Zugang zu Waren oder Dienstleistungen zu helfen. Bei der Begleitperson kann es sich um einen bezahlten pers\u00f6nlichen Betreuer, einen Volont\u00e4r, einen Freund oder ein Familienmitglied handeln. Er oder sie muss nicht unbedingt eine besondere Ausbildung oder Qualifikation haben.<\/p>\n<h2>Funktionsprinzipien<\/h2>\n<hr \/>\n<h3>Barrierefreie Kommunikation<\/h3>\n<p>JSI Telecom und seine Mitarbeiter werden mit Menschen mit Behinderungen in einer Weise kommunizieren, die die besondere Behinderung jeder Person ber\u00fccksichtigt.<\/p>\n<p>Unsere externen Webseiten entsprechen den gesetzlichen Vorschriften und es werden Anstrengungen unternommen, um allen speziellen Anfragen zur Barrierefreiheit, von denen JSI Kenntnis erh\u00e4lt, nachzukommen.<\/p>\n<h3>Assistenztier und Begleitpersonen<\/h3>\n<p>Sofern nicht anderweitig gesetzlich verboten, d\u00fcrfen Menschen mit Behinderungen von einem Servicetier oder einer Begleitperson begleitet werden:<\/p>\n<ol>\n<li>Wenn die Dienste in R\u00e4umlichkeiten erbracht werden, die JSI Telecom geh\u00f6ren oder von JSI Telecom betrieben werden und<\/li>\n<li>wenn die \u00d6ffentlichkeit oder Dritte normalerweise Zugang zu diesen R\u00e4umlichkeiten haben.<\/li>\n<\/ol>\n<h3>Hilfsmittel<\/h3>\n<p>JSI Telecom ist bestrebt, Menschen mit Behinderungen zu helfen, die Hilfsmittel verwenden. Wir werden uns bem\u00fchen, uns mit den verschiedenen Hilfsmitteln vertraut zu machen, die von Menschen mit Behinderungen verwendet werden, und wir werden flexibel sein, um Menschen mit Behinderungen den Zugang zu unseren Waren und Dienstleistungen zu erleichtern<\/p>\n<h3>Betriebsunterbrechung<\/h3>\n<p>JSI Telecom wird rechtzeitig eine \u00f6ffentliche Bekanntmachung \u00fcber eine aktuelle oder voraussichtliche St\u00f6rung von Einrichtungen oder Diensten ver\u00f6ffentlichen, die wir anbieten, um Menschen mit Behinderungen den Zugang zu unseren Diensten zu erm\u00f6glichen. Diese Mitteilung enth\u00e4lt Informationen \u00fcber den Grund f\u00fcr die St\u00f6rung, ihre voraussichtliche Dauer und eine Beschreibung alternativer Einrichtungen oder Dienste, sofern verf\u00fcgbar.<\/p>\n<p>Erforderlichenfalls werden Vorkehrungen getroffen, um die Sitzungen in ein anderes, zug\u00e4ngliches Geb\u00e4ude zu verlegen.<\/p>\n<h3>Schulung<\/h3>\n<p>JSI Telecom bietet Schulungen zu folgenden Themen an:<\/p>\n<ol>\n<li>Alle Mitarbeiter, Volont\u00e4re, Agenten, Auftragnehmer und andere Personen, von denen vern\u00fcnftigerweise erwartet werden kann, dass sie im Namen von JSI Telecom mit der \u00d6ffentlichkeit oder Dritten interagieren.<\/li>\n<li>Alle Personen, die an der Entwicklung, Genehmigung, \u00dcberwachung oder Implementierung von Richtlinien, Praktiken und Verfahren f\u00fcr den Kundendienst von JSI Telecom im Hinblick auf die Bereitstellung von Waren und Dienstleistungen f\u00fcr die \u00d6ffentlichkeit und\/oder Dritte beteiligt sind.<\/li>\n<\/ol>\n<p>Diese Schulung wird innerhalb einer Woche nach Aufnahme der T\u00e4tigkeit f\u00fcr JSI Telecom durchgef\u00fchrt. Innerhalb von sechs Wochen nach jeder \u00dcberarbeitung dieser Richtlinie und\/oder der damit verbundenen Verfahren und Praktiken werden zus\u00e4tzliche Schulungen durchgef\u00fchrt.<\/p>\n<p>Diese Schulungen umfassen Folgendes:<\/p>\n<ol>\n<li>Ein \u00dcberblick \u00fcber den Zweck der AODA und die Anforderungen des Kundendienststandards.<\/li>\n<li>Wie man mit Menschen mit verschiedenen Arten von Behinderungen interagiert und kommuniziert.<\/li>\n<li>Umgang mit Menschen mit Behinderungen, die ein Hilfsmittel verwenden oder die Hilfe eines Blindenhundes, eines anderen Servicetieres oder einer Begleitperson ben\u00f6tigen.<\/li>\n<li>Wie man die in den R\u00e4umlichkeiten von JSI Telecom verf\u00fcgbaren oder anderweitig von JSI Telecom zur Verf\u00fcgung gestellten Ger\u00e4te oder Vorrichtungen benutzt, die bei der Bereitstellung von Waren oder Dienstleistungen f\u00fcr eine Person mit einer Behinderung hilfreich sein k\u00f6nnen.<\/li>\n<li>Was zu tun ist, wenn eine Person mit einer bestimmten Art von Behinderung Schwierigkeiten hat, auf die Waren oder Dienstleistungen des Anbieters zuzugreifen.<\/li>\n<\/ol>\n<h3>Feedback-Prozess<\/h3>\n<p>JSI Telecom wird ein Verfahren einrichten, um Feedback von allen Personen \u00fcber die Art und Weise der Bereitstellung von Waren oder Dienstleistungen f\u00fcr Menschen mit Behinderungen zu erhalten und darauf zu reagieren. Informationen \u00fcber dieses Verfahren werden der \u00d6ffentlichkeit leicht zug\u00e4nglich gemacht.<\/p>\n<p>Der Feedback-Prozess erm\u00f6glicht es Personen, ihr Feedback pers\u00f6nlich, telefonisch, schriftlich oder durch Zustellung eines elektronischen Textes per E-Mail, auf Diskette oder anderweitig zu \u00fcbermitteln.<\/p>\n<p>Im Feedback-Prozess werden die Ma\u00dfnahmen festgelegt, die von JSI Telecom im Falle einer Beschwerde zu ergreifen sind. Der Beschwerdef\u00fchrer erh\u00e4lt innerhalb von sieben Arbeitstagen eine Antwort.<\/p>\n<h3>Verantwortlichkeiten<\/h3>\n<p>JSI Telecom ist daf\u00fcr verantwortlich, diese Richtlinie j\u00e4hrlich zu \u00fcberpr\u00fcfen und \u00c4nderungen zu empfehlen, um die st\u00e4ndige Einhaltung der regulierten Barrierefreiheitsstandards und gesetzlicher Verpflichtungen sicherzustellen. JSI Telecom wird bei der Umsetzung dieser Richtlinie beratend und anleitend t\u00e4tig sein.<\/p>\n<p>Vorgesetzte und Manager stellen sicher, dass sie und ihre Mitarbeiter mit dieser Richtlinie vertraut sind.<\/p>\n<h3>\u00dcberwachung und Zuwiderhandlungen<\/h3>\n<p>Vorgesetzte und Manager \u00fcberwachen die aktuellen Praktiken, um die Einhaltung der Vorschriften zu gew\u00e4hrleisten. Die Nichteinhaltung dieser Richtlinie kann zu Disziplinarma\u00dfnahmen bis hin zur Entlassung f\u00fchren.<\/p>\n<p>Fragen zu dieser Richtlinie k\u00f6nnen an den HR-, Payroll &amp; Benefits Manager gerichtet werden.<\/p>\n","protected":false},"excerpt":{"rendered":"<p>JSI Telecom engagiert sich f\u00fcr die Bereitstellung von Waren und Dienstleistungen f\u00fcr Menschen mit Behinderungen in einer Weise, die den Grunds\u00e4tzen der W\u00fcrde, Unabh\u00e4ngigkeit, Integration und Chancengleichheit entspricht. Dar\u00fcber hinaus werden solche Waren und Dienstleistungen im Einklang mit Geist und Zweck aller geltenden Rechtsvorschriften bereitgestellt, einschlie\u00dflich des AODA, des Ontario Human Rights Code, des Occupational [&hellip;]<\/p>\n","protected":false},"author":4,"featured_media":0,"parent":0,"menu_order":0,"comment_status":"closed","ping_status":"closed","template":"page-legal.php","meta":{"_acf_changed":false,"content-type":"","footnotes":""},"class_list":["post-1580","page","type-page","status-publish","hentry"],"acf":[],"yoast_head":"<!-- This site is optimized with the Yoast SEO plugin v27.2 - https:\/\/yoast.com\/product\/yoast-seo-wordpress\/ -->\n<title>Richtlinien zur Barrierefreiheit | JSI<\/title>\n<meta name=\"description\" content=\"Sicherstellung des gleichen Zugangs f\u00fcr alle. Erfahren Sie, wie unsere Richtlinie zur Barrierefreiheit Inklusivit\u00e4t f\u00f6rdert und vielf\u00e4ltigen Bed\u00fcrfnissen gerecht wird.\" \/>\n<meta name=\"robots\" content=\"index, follow, max-snippet:-1, max-image-preview:large, max-video-preview:-1\" \/>\n<link rel=\"canonical\" href=\"https:\/\/www.jsitelecom.com\/accessibility\/\" \/>\n<meta property=\"og:locale\" content=\"de_DE\" \/>\n<meta property=\"og:type\" content=\"article\" \/>\n<meta property=\"og:title\" content=\"Richtlinien zur Barrierefreiheit | JSI\" \/>\n<meta property=\"og:description\" content=\"Sicherstellung des gleichen Zugangs f\u00fcr alle. Erfahren Sie, wie unsere Richtlinie zur Barrierefreiheit Inklusivit\u00e4t f\u00f6rdert und vielf\u00e4ltigen Bed\u00fcrfnissen gerecht wird.\" \/>\n<meta property=\"og:url\" content=\"https:\/\/www.jsitelecom.com\/accessibility\/\" \/>\n<meta property=\"og:site_name\" content=\"JSI\" \/>\n<meta property=\"article:modified_time\" content=\"2023-09-26T20:39:33+00:00\" \/>\n<meta name=\"twitter:card\" content=\"summary_large_image\" \/>\n<meta name=\"twitter:label1\" content=\"Est. reading time\" \/>\n\t<meta name=\"twitter:data1\" content=\"5 minutes\" \/>\n<script type=\"application\/ld+json\" class=\"yoast-schema-graph\">{\"@context\":\"https:\/\/schema.org\",\"@graph\":[{\"@type\":\"WebPage\",\"@id\":\"https:\/\/www.jsitelecom.com\/accessibility\/\",\"url\":\"https:\/\/www.jsitelecom.com\/accessibility\/\",\"name\":\"Richtlinien zur Barrierefreiheit | JSI\",\"isPartOf\":{\"@id\":\"https:\/\/www.jsitelecom.com\/#website\"},\"datePublished\":\"2023-06-14T19:00:03+00:00\",\"dateModified\":\"2023-09-26T20:39:33+00:00\",\"description\":\"Sicherstellung des gleichen Zugangs f\u00fcr alle. Erfahren Sie, wie unsere Richtlinie zur Barrierefreiheit Inklusivit\u00e4t f\u00f6rdert und vielf\u00e4ltigen Bed\u00fcrfnissen gerecht wird.\",\"breadcrumb\":{\"@id\":\"https:\/\/www.jsitelecom.com\/accessibility\/#breadcrumb\"},\"inLanguage\":\"de-DE\",\"potentialAction\":[{\"@type\":\"ReadAction\",\"target\":[\"https:\/\/www.jsitelecom.com\/accessibility\/\"]}]},{\"@type\":\"BreadcrumbList\",\"@id\":\"https:\/\/www.jsitelecom.com\/accessibility\/#breadcrumb\",\"itemListElement\":[{\"@type\":\"ListItem\",\"position\":1,\"name\":\"Home\",\"item\":\"https:\/\/www.jsitelecom.com\/de\/\"},{\"@type\":\"ListItem\",\"position\":2,\"name\":\"Richtlinien zur Barrierefreiheit\"}]},{\"@type\":\"WebSite\",\"@id\":\"https:\/\/www.jsitelecom.com\/#website\",\"url\":\"https:\/\/www.jsitelecom.com\/\",\"name\":\"JSI\",\"description\":\"Critical Insight When it Matters\",\"potentialAction\":[{\"@type\":\"SearchAction\",\"target\":{\"@type\":\"EntryPoint\",\"urlTemplate\":\"https:\/\/www.jsitelecom.com\/?s={search_term_string}\"},\"query-input\":{\"@type\":\"PropertyValueSpecification\",\"valueRequired\":true,\"valueName\":\"search_term_string\"}}],\"inLanguage\":\"de-DE\"}]}<\/script>\n<!-- \/ Yoast SEO plugin. -->","yoast_head_json":{"title":"Richtlinien zur Barrierefreiheit | JSI","description":"Sicherstellung des gleichen Zugangs f\u00fcr alle. Erfahren Sie, wie unsere Richtlinie zur Barrierefreiheit Inklusivit\u00e4t f\u00f6rdert und vielf\u00e4ltigen Bed\u00fcrfnissen gerecht wird.","robots":{"index":"index","follow":"follow","max-snippet":"max-snippet:-1","max-image-preview":"max-image-preview:large","max-video-preview":"max-video-preview:-1"},"canonical":"https:\/\/www.jsitelecom.com\/accessibility\/","og_locale":"de_DE","og_type":"article","og_title":"Richtlinien zur Barrierefreiheit | JSI","og_description":"Sicherstellung des gleichen Zugangs f\u00fcr alle. Erfahren Sie, wie unsere Richtlinie zur Barrierefreiheit Inklusivit\u00e4t f\u00f6rdert und vielf\u00e4ltigen Bed\u00fcrfnissen gerecht wird.","og_url":"https:\/\/www.jsitelecom.com\/accessibility\/","og_site_name":"JSI","article_modified_time":"2023-09-26T20:39:33+00:00","twitter_card":"summary_large_image","twitter_misc":{"Est. reading time":"5 minutes"},"schema":{"@context":"https:\/\/schema.org","@graph":[{"@type":"WebPage","@id":"https:\/\/www.jsitelecom.com\/accessibility\/","url":"https:\/\/www.jsitelecom.com\/accessibility\/","name":"Richtlinien zur Barrierefreiheit | JSI","isPartOf":{"@id":"https:\/\/www.jsitelecom.com\/#website"},"datePublished":"2023-06-14T19:00:03+00:00","dateModified":"2023-09-26T20:39:33+00:00","description":"Sicherstellung des gleichen Zugangs f\u00fcr alle. Erfahren Sie, wie unsere Richtlinie zur Barrierefreiheit Inklusivit\u00e4t f\u00f6rdert und vielf\u00e4ltigen Bed\u00fcrfnissen gerecht wird.","breadcrumb":{"@id":"https:\/\/www.jsitelecom.com\/accessibility\/#breadcrumb"},"inLanguage":"de-DE","potentialAction":[{"@type":"ReadAction","target":["https:\/\/www.jsitelecom.com\/accessibility\/"]}]},{"@type":"BreadcrumbList","@id":"https:\/\/www.jsitelecom.com\/accessibility\/#breadcrumb","itemListElement":[{"@type":"ListItem","position":1,"name":"Home","item":"https:\/\/www.jsitelecom.com\/de\/"},{"@type":"ListItem","position":2,"name":"Richtlinien zur Barrierefreiheit"}]},{"@type":"WebSite","@id":"https:\/\/www.jsitelecom.com\/#website","url":"https:\/\/www.jsitelecom.com\/","name":"JSI","description":"Critical Insight When it Matters","potentialAction":[{"@type":"SearchAction","target":{"@type":"EntryPoint","urlTemplate":"https:\/\/www.jsitelecom.com\/?s={search_term_string}"},"query-input":{"@type":"PropertyValueSpecification","valueRequired":true,"valueName":"search_term_string"}}],"inLanguage":"de-DE"}]}},"_links":{"self":[{"href":"https:\/\/www.jsitelecom.com\/de\/wp-json\/wp\/v2\/pages\/1580","targetHints":{"allow":["GET"]}}],"collection":[{"href":"https:\/\/www.jsitelecom.com\/de\/wp-json\/wp\/v2\/pages"}],"about":[{"href":"https:\/\/www.jsitelecom.com\/de\/wp-json\/wp\/v2\/types\/page"}],"author":[{"embeddable":true,"href":"https:\/\/www.jsitelecom.com\/de\/wp-json\/wp\/v2\/users\/4"}],"replies":[{"embeddable":true,"href":"https:\/\/www.jsitelecom.com\/de\/wp-json\/wp\/v2\/comments?post=1580"}],"version-history":[{"count":4,"href":"https:\/\/www.jsitelecom.com\/de\/wp-json\/wp\/v2\/pages\/1580\/revisions"}],"predecessor-version":[{"id":1845,"href":"https:\/\/www.jsitelecom.com\/de\/wp-json\/wp\/v2\/pages\/1580\/revisions\/1845"}],"wp:attachment":[{"href":"https:\/\/www.jsitelecom.com\/de\/wp-json\/wp\/v2\/media?parent=1580"}],"curies":[{"name":"wp","href":"https:\/\/api.w.org\/{rel}","templated":true}]}}