{"id":1578,"date":"2023-06-15T17:26:16","date_gmt":"2023-06-15T21:26:16","guid":{"rendered":"https:\/\/www.jsitelecom.com\/erklaerung-zu-moderner-sklaverei\/"},"modified":"2025-06-24T13:49:47","modified_gmt":"2025-06-24T17:49:47","slug":"erklaerung-zu-moderner-sklaverei","status":"publish","type":"page","link":"https:\/\/www.jsitelecom.com\/de\/erklaerung-zu-moderner-sklaverei\/","title":{"rendered":"Erkl\u00e4rung zu moderner Sklaverei"},"content":{"rendered":"<p>Gem\u00e4\u00df Abschnitt 54 (1) des United Kingdom (UK) Modern Slavery Act 2015 erkl\u00e4rt Jatom Systems Inc. (JSI), dass wir im vergangenen Gesch\u00e4ftsjahr Ma\u00dfnahmen ergriffen haben, um das Risiko von Sklaverei und Menschenhandel in unseren Lieferketten und in jedem Teil unseres Gesch\u00e4fts zu identifizieren und zu minimieren. Diese Erkl\u00e4rung gilt f\u00fcr JSI und alle ihre Tochtergesellschaften f\u00fcr das am 31. M\u00e4rz 2025 endende Gesch\u00e4ftsjahr.<\/p>\n<p>Unsere Erwartungen an verantwortungsvolles, ethisches und rechtliches Verhalten gelten f\u00fcr alle Parteien, die im Namen von JSI arbeiten, einschlie\u00dflich, aber nicht beschr\u00e4nkt auf unsere Mitarbeiter, Partner, Auftragsnehmer und andere Vertreter, die im Namen von JSI handeln, sowie f\u00fcr unsere Verk\u00e4ufer und Lieferanten. Diese Erwartung bildet den Kern unserer Unternehmenskultur und all unserer Gesch\u00e4ftspraktiken, da wir die Mission unserer Kunden, Strafverfolgungsbeh\u00f6rden und Nachrichtendienste weltweit unterst\u00fctzen.<\/p>\n<h2>Organisationsstruktur und Lieferketten<\/h2>\n<p>JSI ist ein privates, kanadisch kontrolliertes Unternehmen, das in Ontario eingetragen ist und seinen Hauptsitz in Kanata hat. Das Unternehmen hat vier Tochtergesellschaften in Australien, Deutschland, dem Vereinigten K\u00f6nigreich und den Vereinigten Staaten, die sich vollst\u00e4ndig in seinem Besitz befinden. Gemeinsam mit seinen Tochtergesellschaften entwickelt, vertreibt und unterst\u00fctzt JSI Datenerfassungs- und Datenanalysel\u00f6sungen f\u00fcr Strafverfolgungs-, Nachrichtendienst- und Sicherheitsorganisationen weltweit.<\/p>\n<p>Die L\u00f6sungen von JSI bestehen aus propriet\u00e4rer Software, die in unserer Hauptniederlassung in Kanata entwickelt wurde, sowie Software und Hardware von Drittanbietern, die von unseren Lieferanten bereitgestellt werden. Zus\u00e4tzlich zu unseren L\u00f6sungen bietet JSI professionelle Services, Schulungen und Post-Sales-Support. Bei der Bereitstellung unserer propriet\u00e4ren Software und zugeh\u00f6rigen Services besch\u00e4ftigt JSI fachlich qualifizierte Mitarbeiter, die direkt bei JSI oder einer ihrer Tochtergesellschaften besch\u00e4ftigt sind. Unsere Personalpolitik gew\u00e4hrleistet die faire Behandlung unserer Leute auf der ganzen Welt.<br \/>\nUnsere Lieferanten sind in der Regel gro\u00dfe multinationale Unternehmen mit Hauptsitz in Nordamerika. JSI verl\u00e4sst sich auf das ethische Verhalten und die modernen Sklaverei-Richtlinien unserer Lieferanten, um das Verbot und die Minimierung des Risikos von Sklaverei und Menschenhandel in unserer Lieferkette sicherzustellen.<\/p>\n<h2>Ma\u00dfnahmen in Bezug auf Sklaverei und Menschenhandel<\/h2>\n<p>Unser Gesch\u00e4ftszweck ist es, Strafverfolgungs-, Aufkl\u00e4rungs- und Sicherheitsorganisationen bei der Erf\u00fcllung ihrer Aufgaben zu unterst\u00fctzen, die schw\u00e4chsten Mitglieder der Gesellschaft vor kriminellen Aktivit\u00e4ten zu sch\u00fctzen. Bei der Erf\u00fcllung unserer Ziele sind unsere Werte Respekt und Integrit\u00e4t der Eckpfeiler unserer Kultur. Unsere Werte verk\u00f6rpern alles, was wir bei JSI tun, und stellen unsere Erwartungen an das Verhalten unserer Mitarbeiter gegen\u00fcber Kollegen, Kunden und Lieferanten dar.<\/p>\n<p>Wir sind bestrebt, alle Menschen fair und konsistent in einer offenen und vertrauensw\u00fcrdigen Umgebung zu behandeln. Unsere Richtlinien im Zusammenhang mit dem Modern Slavery Act stehen im Einklang mit unserer Kultur und unseren Werten. Im Einzelnen gilt f\u00fcr die L\u00e4nder, in denen wir t\u00e4tig sind, Folgendes:<\/p>\n<ul>\n<li>Ein solides Einstellungsverfahren im Einklang mit den einschl\u00e4gigen Arbeitsgesetzen zu befolgen<\/li>\n<li>Sicherstellen, dass alle Mitarbeiter die ethischen Standards f\u00fcr Verhalten und Integrit\u00e4t erf\u00fcllen, um eine geheime Sicherheitsfreigabe zu erhalten<\/li>\n<li>Einhalten einer Besch\u00e4ftigungspolitik, die unsere Mitarbeiter vor unfairer Behandlung sch\u00fctzt und einen fairen und integrativen Arbeitsplatz f\u00f6rdert<\/li>\n<li>J\u00e4hrliches \u00dcberpr\u00fcfen der markt\u00fcblichen Geh\u00e4lter und anderer Verg\u00fctungen<\/li>\n<li>Ma\u00dfnahmen und Initiativen zur F\u00f6rderung des k\u00f6rperlichen und geistigen Wohlbefindens unserer Mitarbeiter bereitstellen<\/li>\n<\/ul>\n<p>In Bezug auf unsere Lieferkette f\u00fcr Software und Hardware von Drittanbietern verl\u00e4sst sich JSI auf die Sorgfaltspflicht und die \u00dcberpr\u00fcfungsprozesse unserer Hauptlieferanten, um sicherzustellen, dass moderne Sklaverei und Menschenhandel in ihren Lieferketten nicht vorkommen. Wir verlassen uns auf die Sorgfaltspflicht der Lieferanten und stellen sicher, dass wir unsere eigenen Kenntnisse \u00fcber die Komponenten und deren Herkunftsland haben, um sicherzustellen, dass wir die Anforderungen erf\u00fcllen:<\/p>\n<ul>\n<li>Einhaltung aller Import-\/Exportbestimmungen f\u00fcr die L\u00e4nder, in denen wir gesch\u00e4ftlich t\u00e4tig sind<\/li>\n<li>Einhaltung aller Beschaffungsstandards aufgrund der sensiblen und h\u00e4ufig geheimen Natur unseres Kundenstamms<\/li>\n<\/ul>\n<p>Alle Eink\u00e4ufe erfolgen bei ordnungsgem\u00e4\u00df genehmigten Lieferanten und unterliegen einem Genehmigungsprozess f\u00fcr die Beschaffung. JSI zahlt nicht bar f\u00fcr Produkte oder Dienstleistungen.<\/p>\n<h2>Sorgfaltspflicht-Prozess, Risikobewertung und -management<\/h2>\n<p>JSI steuert sein potenzielles laufendes Risiko durch geeignete Kerngesch\u00e4ftsprozesse, einschlie\u00dflich der Beschaffungsprozesse. Die gesamte Beschaffung muss von zugelassenen Lieferanten erfolgen, und die Leistung der Lieferanten wird regelm\u00e4\u00dfig \u00fcberwacht. JSI m\u00f6chte nicht mit einer Organisation in Verbindung gebracht werden, die entweder in Menschenhandel oder moderne Sklaverei verwickelt oder nachweislich daran beteiligt ist. Sollte JSI erkennen, dass Menschenhandel oder moderne Sklaverei innerhalb der Lieferkette oder unserer Lieferanten vorhanden sind, w\u00fcrde JSI den Lieferanten auffordern, die Situation zur Zufriedenheit von JSI zu beheben, da andernfalls die Gesch\u00e4ftsbeziehung beendet w\u00fcrde.<\/p>\n<h2>Wichtige Leistungsindikatoren zur Messung der Wirksamkeit der Ma\u00dfnahmen<\/h2>\n<p>Bis heute haben wir keine F\u00e4lle moderner Sklaverei in unserer Lieferkette identifiziert. Daher kann es schwierig sein, die Wirksamkeit unserer Strategien zur Verringerung des Risikos von Sklaverei und Menschenhandel zu messen.<\/p>\n<h2>Schulungen zu moderner Sklaverei und Menschenhandel<\/h2>\n<p>Die Erwartungen von JSI an das Mitarbeiterverhalten werden routinem\u00e4\u00dfig \u00fcberpr\u00fcft und im Rahmen unseres viertelj\u00e4hrlichen Leistungsmanagementprozesses mit den Mitarbeitern besprochen. Dar\u00fcber hinaus werden die Anforderungen an die Sicherheits\u00fcberpr\u00fcfung f\u00fcr ethisches Verhalten regelm\u00e4\u00dfig von unserem internen Sicherheitsteam sowie extern von der zust\u00e4ndigen Beh\u00f6rde des Landes, in dem wir Mitarbeiter besch\u00e4ftigen, \u00fcberpr\u00fcft.<\/p>\n<p>JSI \u00fcbernimmt die Verantwortung f\u00fcr diese Erkl\u00e4rung und die damit verbundenen Ziele und wird sie gem\u00e4\u00df dem Gesetz \u00fcberpr\u00fcfen und aktualisieren.<\/p>\n","protected":false},"excerpt":{"rendered":"<p>Gem\u00e4\u00df Abschnitt 54 (1) des United Kingdom (UK) Modern Slavery Act 2015 erkl\u00e4rt Jatom Systems Inc. (JSI), dass wir im vergangenen Gesch\u00e4ftsjahr Ma\u00dfnahmen ergriffen haben, um das Risiko von Sklaverei und Menschenhandel in unseren Lieferketten und in jedem Teil unseres Gesch\u00e4fts zu identifizieren und zu minimieren. Diese Erkl\u00e4rung gilt f\u00fcr JSI und alle ihre Tochtergesellschaften [&hellip;]<\/p>\n","protected":false},"author":6,"featured_media":0,"parent":0,"menu_order":0,"comment_status":"closed","ping_status":"closed","template":"page-legal.php","meta":{"_acf_changed":false,"content-type":"","footnotes":""},"class_list":["post-1578","page","type-page","status-publish","hentry"],"acf":[],"yoast_head":"<!-- This site is optimized with the Yoast SEO plugin v27.2 - https:\/\/yoast.com\/product\/yoast-seo-wordpress\/ -->\n<title>Erkl\u00e4rung zu moderner Sklaverei - JSI<\/title>\n<meta name=\"description\" content=\"Unterst\u00fctzen Sie uns im Kampf gegen die moderne Sklaverei. Unsere Erkl\u00e4rung beschreibt unser Engagement f\u00fcr ethische Gesch\u00e4ftspraktiken und Menschenrechte.\" \/>\n<meta name=\"robots\" content=\"index, follow, max-snippet:-1, max-image-preview:large, max-video-preview:-1\" \/>\n<link rel=\"canonical\" href=\"https:\/\/www.jsitelecom.com\/mss\/\" \/>\n<meta property=\"og:locale\" content=\"de_DE\" \/>\n<meta property=\"og:type\" content=\"article\" \/>\n<meta property=\"og:title\" content=\"Erkl\u00e4rung zu moderner Sklaverei - JSI\" \/>\n<meta property=\"og:description\" content=\"Unterst\u00fctzen Sie uns im Kampf gegen die moderne Sklaverei. Unsere Erkl\u00e4rung beschreibt unser Engagement f\u00fcr ethische Gesch\u00e4ftspraktiken und Menschenrechte.\" \/>\n<meta property=\"og:url\" content=\"https:\/\/www.jsitelecom.com\/mss\/\" \/>\n<meta property=\"og:site_name\" content=\"JSI\" \/>\n<meta property=\"article:modified_time\" content=\"2025-06-24T17:49:47+00:00\" \/>\n<meta name=\"twitter:card\" content=\"summary_large_image\" \/>\n<meta name=\"twitter:label1\" content=\"Est. reading time\" \/>\n\t<meta name=\"twitter:data1\" content=\"4 minutes\" \/>\n<script type=\"application\/ld+json\" class=\"yoast-schema-graph\">{\"@context\":\"https:\/\/schema.org\",\"@graph\":[{\"@type\":\"WebPage\",\"@id\":\"https:\/\/www.jsitelecom.com\/mss\/\",\"url\":\"https:\/\/www.jsitelecom.com\/mss\/\",\"name\":\"Erkl\u00e4rung zu moderner Sklaverei - JSI\",\"isPartOf\":{\"@id\":\"https:\/\/www.jsitelecom.com\/#website\"},\"datePublished\":\"2023-06-15T21:26:16+00:00\",\"dateModified\":\"2025-06-24T17:49:47+00:00\",\"description\":\"Unterst\u00fctzen Sie uns im Kampf gegen die moderne Sklaverei. Unsere Erkl\u00e4rung beschreibt unser Engagement f\u00fcr ethische Gesch\u00e4ftspraktiken und Menschenrechte.\",\"breadcrumb\":{\"@id\":\"https:\/\/www.jsitelecom.com\/mss\/#breadcrumb\"},\"inLanguage\":\"de-DE\",\"potentialAction\":[{\"@type\":\"ReadAction\",\"target\":[\"https:\/\/www.jsitelecom.com\/mss\/\"]}]},{\"@type\":\"BreadcrumbList\",\"@id\":\"https:\/\/www.jsitelecom.com\/mss\/#breadcrumb\",\"itemListElement\":[{\"@type\":\"ListItem\",\"position\":1,\"name\":\"Home\",\"item\":\"https:\/\/www.jsitelecom.com\/de\/\"},{\"@type\":\"ListItem\",\"position\":2,\"name\":\"Erkl\u00e4rung zu moderner Sklaverei\"}]},{\"@type\":\"WebSite\",\"@id\":\"https:\/\/www.jsitelecom.com\/#website\",\"url\":\"https:\/\/www.jsitelecom.com\/\",\"name\":\"JSI\",\"description\":\"Critical Insight When it Matters\",\"potentialAction\":[{\"@type\":\"SearchAction\",\"target\":{\"@type\":\"EntryPoint\",\"urlTemplate\":\"https:\/\/www.jsitelecom.com\/?s={search_term_string}\"},\"query-input\":{\"@type\":\"PropertyValueSpecification\",\"valueRequired\":true,\"valueName\":\"search_term_string\"}}],\"inLanguage\":\"de-DE\"}]}<\/script>\n<!-- \/ Yoast SEO plugin. -->","yoast_head_json":{"title":"Erkl\u00e4rung zu moderner Sklaverei - JSI","description":"Unterst\u00fctzen Sie uns im Kampf gegen die moderne Sklaverei. Unsere Erkl\u00e4rung beschreibt unser Engagement f\u00fcr ethische Gesch\u00e4ftspraktiken und Menschenrechte.","robots":{"index":"index","follow":"follow","max-snippet":"max-snippet:-1","max-image-preview":"max-image-preview:large","max-video-preview":"max-video-preview:-1"},"canonical":"https:\/\/www.jsitelecom.com\/mss\/","og_locale":"de_DE","og_type":"article","og_title":"Erkl\u00e4rung zu moderner Sklaverei - JSI","og_description":"Unterst\u00fctzen Sie uns im Kampf gegen die moderne Sklaverei. Unsere Erkl\u00e4rung beschreibt unser Engagement f\u00fcr ethische Gesch\u00e4ftspraktiken und Menschenrechte.","og_url":"https:\/\/www.jsitelecom.com\/mss\/","og_site_name":"JSI","article_modified_time":"2025-06-24T17:49:47+00:00","twitter_card":"summary_large_image","twitter_misc":{"Est. reading time":"4 minutes"},"schema":{"@context":"https:\/\/schema.org","@graph":[{"@type":"WebPage","@id":"https:\/\/www.jsitelecom.com\/mss\/","url":"https:\/\/www.jsitelecom.com\/mss\/","name":"Erkl\u00e4rung zu moderner Sklaverei - JSI","isPartOf":{"@id":"https:\/\/www.jsitelecom.com\/#website"},"datePublished":"2023-06-15T21:26:16+00:00","dateModified":"2025-06-24T17:49:47+00:00","description":"Unterst\u00fctzen Sie uns im Kampf gegen die moderne Sklaverei. Unsere Erkl\u00e4rung beschreibt unser Engagement f\u00fcr ethische Gesch\u00e4ftspraktiken und Menschenrechte.","breadcrumb":{"@id":"https:\/\/www.jsitelecom.com\/mss\/#breadcrumb"},"inLanguage":"de-DE","potentialAction":[{"@type":"ReadAction","target":["https:\/\/www.jsitelecom.com\/mss\/"]}]},{"@type":"BreadcrumbList","@id":"https:\/\/www.jsitelecom.com\/mss\/#breadcrumb","itemListElement":[{"@type":"ListItem","position":1,"name":"Home","item":"https:\/\/www.jsitelecom.com\/de\/"},{"@type":"ListItem","position":2,"name":"Erkl\u00e4rung zu moderner Sklaverei"}]},{"@type":"WebSite","@id":"https:\/\/www.jsitelecom.com\/#website","url":"https:\/\/www.jsitelecom.com\/","name":"JSI","description":"Critical Insight When it Matters","potentialAction":[{"@type":"SearchAction","target":{"@type":"EntryPoint","urlTemplate":"https:\/\/www.jsitelecom.com\/?s={search_term_string}"},"query-input":{"@type":"PropertyValueSpecification","valueRequired":true,"valueName":"search_term_string"}}],"inLanguage":"de-DE"}]}},"_links":{"self":[{"href":"https:\/\/www.jsitelecom.com\/de\/wp-json\/wp\/v2\/pages\/1578","targetHints":{"allow":["GET"]}}],"collection":[{"href":"https:\/\/www.jsitelecom.com\/de\/wp-json\/wp\/v2\/pages"}],"about":[{"href":"https:\/\/www.jsitelecom.com\/de\/wp-json\/wp\/v2\/types\/page"}],"author":[{"embeddable":true,"href":"https:\/\/www.jsitelecom.com\/de\/wp-json\/wp\/v2\/users\/6"}],"replies":[{"embeddable":true,"href":"https:\/\/www.jsitelecom.com\/de\/wp-json\/wp\/v2\/comments?post=1578"}],"version-history":[{"count":3,"href":"https:\/\/www.jsitelecom.com\/de\/wp-json\/wp\/v2\/pages\/1578\/revisions"}],"predecessor-version":[{"id":3353,"href":"https:\/\/www.jsitelecom.com\/de\/wp-json\/wp\/v2\/pages\/1578\/revisions\/3353"}],"wp:attachment":[{"href":"https:\/\/www.jsitelecom.com\/de\/wp-json\/wp\/v2\/media?parent=1578"}],"curies":[{"name":"wp","href":"https:\/\/api.w.org\/{rel}","templated":true}]}}